{"id":147,"date":"2020-03-21T05:18:11","date_gmt":"2020-03-21T02:18:11","guid":{"rendered":"https:\/\/sunlightchurch.com\/?page_id=147"},"modified":"2025-07-29T12:17:43","modified_gmt":"2025-07-29T16:17:43","slug":"our-beliefs","status":"publish","type":"page","link":"https:\/\/sunlightchurch.com\/es\/our-beliefs\/","title":{"rendered":"Nuestras creencias"},"content":{"rendered":"<div data-elementor-type=\"wp-page\" data-elementor-id=\"147\" class=\"elementor elementor-147\" data-elementor-post-type=\"page\">\n\t\t\t\t<div data-particle_enable=\"false\" data-particle-mobile-disabled=\"false\" class=\"elementor-element elementor-element-7179194 e-flex e-con-boxed e-con e-parent\" data-id=\"7179194\" data-element_type=\"container\" data-e-type=\"container\">\n\t\t\t\t\t<div class=\"e-con-inner\">\n\t\t<div data-particle_enable=\"false\" data-particle-mobile-disabled=\"false\" class=\"elementor-element elementor-element-76ca4e4 e-con-full e-flex e-con e-child\" data-id=\"76ca4e4\" data-element_type=\"container\" data-e-type=\"container\" data-settings=\"{&quot;background_background&quot;:&quot;slideshow&quot;,&quot;background_slideshow_gallery&quot;:[{&quot;id&quot;:7113,&quot;url&quot;:&quot;https:\\\/\\\/sunlightchurch.com\\\/wp-content\\\/uploads\\\/2023\\\/09\\\/finishedbuildinglower-scaled.jpg&quot;},{&quot;id&quot;:19941,&quot;url&quot;:&quot;https:\\\/\\\/sunlightchurch.com\\\/wp-content\\\/uploads\\\/2025\\\/05\\\/Spring-Baptism-2025-34-scaled.jpg&quot;},{&quot;id&quot;:16980,&quot;url&quot;:&quot;https:\\\/\\\/sunlightchurch.com\\\/wp-content\\\/uploads\\\/2024\\\/09\\\/Finished-Building-2014-41-scaled.jpg&quot;},{&quot;id&quot;:19942,&quot;url&quot;:&quot;https:\\\/\\\/sunlightchurch.com\\\/wp-content\\\/uploads\\\/2025\\\/05\\\/Spring-Baptism-2025-28-scaled.jpg&quot;},{&quot;id&quot;:15733,&quot;url&quot;:&quot;https:\\\/\\\/sunlightchurch.com\\\/wp-content\\\/uploads\\\/2024\\\/08\\\/LWexterior.jpg&quot;},{&quot;id&quot;:15736,&quot;url&quot;:&quot;https:\\\/\\\/sunlightchurch.com\\\/wp-content\\\/uploads\\\/2024\\\/08\\\/Miami-Exterior.jpg&quot;},{&quot;id&quot;:15732,&quot;url&quot;:&quot;https:\\\/\\\/sunlightchurch.com\\\/wp-content\\\/uploads\\\/2024\\\/08\\\/BuildingScaled.jpg&quot;},{&quot;id&quot;:15737,&quot;url&quot;:&quot;https:\\\/\\\/sunlightchurch.com\\\/wp-content\\\/uploads\\\/2024\\\/08\\\/Winter-Garden-Exterior.jpg&quot;},{&quot;id&quot;:15730,&quot;url&quot;:&quot;https:\\\/\\\/sunlightchurch.com\\\/wp-content\\\/uploads\\\/2024\\\/08\\\/Finished-Building-2014-23-1-scaled.jpg&quot;}],&quot;background_slideshow_ken_burns&quot;:&quot;yes&quot;,&quot;background_slideshow_ken_burns_zoom_direction&quot;:&quot;out&quot;,&quot;background_slideshow_loop&quot;:&quot;yes&quot;,&quot;background_slideshow_slide_duration&quot;:5000,&quot;background_slideshow_slide_transition&quot;:&quot;fade&quot;,&quot;background_slideshow_transition_duration&quot;:500}\">\n\t\t<div data-particle_enable=\"false\" data-particle-mobile-disabled=\"false\" class=\"elementor-element elementor-element-e216b9c e-con-full e-flex e-con e-child\" data-id=\"e216b9c\" data-element_type=\"container\" data-e-type=\"container\">\n\t\t\t\t<div class=\"elementor-element elementor-element-32aad94 elementor-widget elementor-widget-heading\" data-id=\"32aad94\" data-element_type=\"widget\" data-e-type=\"widget\" data-widget_type=\"heading.default\">\n\t\t\t\t<div class=\"elementor-widget-container\">\n\t\t\t\t\t<h1 class=\"elementor-heading-title elementor-size-default\">Lo que creemos a la luz del sol<\/h1>\t\t\t\t<\/div>\n\t\t\t\t<\/div>\n\t\t\t\t<div class=\"elementor-element elementor-element-41a92f2 elementor-widget__width-initial elementor-widget elementor-widget-heading\" data-id=\"41a92f2\" data-element_type=\"widget\" data-e-type=\"widget\" data-widget_type=\"heading.default\">\n\t\t\t\t<div class=\"elementor-widget-container\">\n\t\t\t\t\t<h2 class=\"elementor-heading-title elementor-size-default\">Nuestras Creencias: &quot;Pecado, Salvaci\u00f3n, Servicio&quot;<\/h2>\t\t\t\t<\/div>\n\t\t\t\t<\/div>\n\t\t\t\t<\/div>\n\t\t\t\t<\/div>\n\t\t\t\t\t<\/div>\n\t\t\t\t<\/div>\n\t\t<div data-particle_enable=\"false\" data-particle-mobile-disabled=\"false\" class=\"elementor-element elementor-element-d0838ce e-flex e-con-boxed e-con e-parent\" data-id=\"d0838ce\" data-element_type=\"container\" data-e-type=\"container\">\n\t\t\t\t\t<div class=\"e-con-inner\">\n\t\t<div data-particle_enable=\"false\" data-particle-mobile-disabled=\"false\" class=\"elementor-element elementor-element-6a6aef6 e-con-full e-flex e-con e-child\" data-id=\"6a6aef6\" data-element_type=\"container\" data-e-type=\"container\" data-settings=\"{&quot;background_background&quot;:&quot;classic&quot;}\">\n\t\t<div data-particle_enable=\"false\" data-particle-mobile-disabled=\"false\" class=\"elementor-element elementor-element-2961692 e-con-full e-flex e-con e-child\" data-id=\"2961692\" data-element_type=\"container\" data-e-type=\"container\">\n\t\t\t\t<div class=\"elementor-element elementor-element-8829430 elementor-widget elementor-widget-heading\" data-id=\"8829430\" data-element_type=\"widget\" data-e-type=\"widget\" data-widget_type=\"heading.default\">\n\t\t\t\t<div class=\"elementor-widget-container\">\n\t\t\t\t\t<h5 class=\"elementor-heading-title elementor-size-xxl\">1<\/h5>\t\t\t\t<\/div>\n\t\t\t\t<\/div>\n\t\t\t\t<\/div>\n\t\t<div data-particle_enable=\"false\" data-particle-mobile-disabled=\"false\" class=\"elementor-element elementor-element-dc3cc93 e-con-full e-flex e-con e-child\" data-id=\"dc3cc93\" data-element_type=\"container\" data-e-type=\"container\" data-settings=\"{&quot;background_background&quot;:&quot;classic&quot;}\">\n\t\t\t\t<div class=\"elementor-element elementor-element-ac43dab elementor-widget elementor-widget-heading\" data-id=\"ac43dab\" data-element_type=\"widget\" data-e-type=\"widget\" data-widget_type=\"heading.default\">\n\t\t\t\t<div class=\"elementor-widget-container\">\n\t\t\t\t\t<h2 class=\"elementor-heading-title elementor-size-xl\">PECADO<\/h2>\t\t\t\t<\/div>\n\t\t\t\t<\/div>\n\t\t\t\t<div class=\"elementor-element elementor-element-6f15183 elementor-widget__width-initial elementor-widget elementor-widget-text-editor\" data-id=\"6f15183\" data-element_type=\"widget\" data-e-type=\"widget\" data-widget_type=\"text-editor.default\">\n\t\t\t\t<div class=\"elementor-widget-container\">\n\t\t\t\t\t\t\t\t\t<h4>Creemos que como resultado de la ca\u00edda, todo ser humano tiene una naturaleza pecaminosa y no est\u00e1 a la altura.<\/h4><p style=\"padding-left: 40px;\">Dios tiene un problema conmigo porque no estoy a la altura de Su est\u00e1ndar perfecto. Aunque Dios cre\u00f3 a los humanos buenos y a Su propia imagen, he quebrantado la ley repetidamente, cometiendo cr\u00edmenes contra \u00c9l y contra otros en mis pensamientos, palabras y acciones. Tengo una tendencia natural a odiar a Dios y a mi pr\u00f3jimo.<\/p><h4>Creemos que Dios es recto y justo. Esto resulta en mi castigo, es decir, la muerte.<\/h4><p style=\"padding-left: 40px;\">Dios es justo y perfecto. Mi pecado es una barrera para Su abrazo. Dios es justo y debe castigar cada pecado que he cometido o cometer\u00e9. El castigo es la muerte, el castigo eterno del cuerpo y del alma.<\/p><h4>Creemos que las buenas obras no funcionar\u00e1n.<\/h4><p style=\"padding-left: 40px;\">No hay nada que pueda hacer para ser aceptable ante Dios, no importa cu\u00e1nto lo intente o cu\u00e1n religioso me vuelva. En realidad, cada d\u00eda aumento mi culpa.<\/p>\t\t\t\t\t\t\t\t<\/div>\n\t\t\t\t<\/div>\n\t\t\t\t<\/div>\n\t\t\t\t<\/div>\n\t\t<div data-particle_enable=\"false\" data-particle-mobile-disabled=\"false\" class=\"elementor-element elementor-element-ea5fd6b e-con-full e-flex e-con e-child\" data-id=\"ea5fd6b\" data-element_type=\"container\" data-e-type=\"container\" data-settings=\"{&quot;background_background&quot;:&quot;classic&quot;}\">\n\t\t<div data-particle_enable=\"false\" data-particle-mobile-disabled=\"false\" class=\"elementor-element elementor-element-34a110a e-con-full e-flex e-con e-child\" data-id=\"34a110a\" data-element_type=\"container\" data-e-type=\"container\" data-settings=\"{&quot;background_background&quot;:&quot;classic&quot;}\">\n\t\t\t\t<div class=\"elementor-element elementor-element-202bd7f elementor-widget elementor-widget-heading\" data-id=\"202bd7f\" data-element_type=\"widget\" data-e-type=\"widget\" data-widget_type=\"heading.default\">\n\t\t\t\t<div class=\"elementor-widget-container\">\n\t\t\t\t\t<h5 class=\"elementor-heading-title elementor-size-xxl\">2<\/h5>\t\t\t\t<\/div>\n\t\t\t\t<\/div>\n\t\t\t\t<\/div>\n\t\t<div data-particle_enable=\"false\" data-particle-mobile-disabled=\"false\" class=\"elementor-element elementor-element-1aa8b01 e-con-full e-flex e-con e-child\" data-id=\"1aa8b01\" data-element_type=\"container\" data-e-type=\"container\" data-settings=\"{&quot;background_background&quot;:&quot;classic&quot;}\">\n\t\t\t\t<div class=\"elementor-element elementor-element-7ced468 elementor-widget elementor-widget-heading\" data-id=\"7ced468\" data-element_type=\"widget\" data-e-type=\"widget\" data-widget_type=\"heading.default\">\n\t\t\t\t<div class=\"elementor-widget-container\">\n\t\t\t\t\t<h2 class=\"elementor-heading-title elementor-size-xl\">SALVACI\u00d3N<\/h2>\t\t\t\t<\/div>\n\t\t\t\t<\/div>\n\t\t\t\t<div class=\"elementor-element elementor-element-e410070 elementor-widget__width-initial elementor-widget elementor-widget-text-editor\" data-id=\"e410070\" data-element_type=\"widget\" data-e-type=\"widget\" data-widget_type=\"text-editor.default\">\n\t\t\t\t<div class=\"elementor-widget-container\">\n\t\t\t\t\t\t\t\t\t<h4>Creemos que Dios es amoroso y misericordioso, por eso proporcion\u00f3 un sustituto.<\/h4><p style=\"padding-left: 40px;\">En su amor, Dios proporcion\u00f3 un sustituto, alguien que tomara el castigo por m\u00ed. Ninguna otra criatura podr\u00eda realizar esta obra, por eso Dios Padre envi\u00f3 a Dios Hijo para ser este sustituto.<\/p><h4>Creemos que Jes\u00fas es el sustituto perfecto.<\/h4><p style=\"padding-left: 40px;\">1. Verdaderamente humano y verdaderamente justo: Jes\u00fas era completamente humano y vivi\u00f3 una vida sin pecado. La naturaleza humana, que ha pecado, debe pagar por su pecado. Un pecador nunca podr\u00eda pagar por otro pecador.<br \/>2. Dios verdadero: S\u00f3lo por el poder de su divinidad pudo Cristo soportar el peso de la ira de Dios.<\/p><h4>Creemos que Cristo muri\u00f3 y resucit\u00f3.<\/h4><p style=\"padding-left: 40px;\">Dios puso mis pecados sobre Jes\u00fas y lo castig\u00f3 en mi lugar en la cruz. Jes\u00fas muri\u00f3 y fue sepultado. Al tercer d\u00eda resucit\u00f3 de entre los muertos, demostrando que mis dos enemigos, el pecado y la muerte, han sido completamente vencidos. Esto garantiza mi gloriosa resurrecci\u00f3n.<\/p>\t\t\t\t\t\t\t\t<\/div>\n\t\t\t\t<\/div>\n\t\t\t\t<\/div>\n\t\t\t\t<\/div>\n\t\t<div data-particle_enable=\"false\" data-particle-mobile-disabled=\"false\" class=\"elementor-element elementor-element-0f329fa e-con-full e-flex e-con e-child\" data-id=\"0f329fa\" data-element_type=\"container\" data-e-type=\"container\" data-settings=\"{&quot;background_background&quot;:&quot;classic&quot;}\">\n\t\t<div data-particle_enable=\"false\" data-particle-mobile-disabled=\"false\" class=\"elementor-element elementor-element-5538753 e-con-full e-flex e-con e-child\" data-id=\"5538753\" data-element_type=\"container\" data-e-type=\"container\" data-settings=\"{&quot;background_background&quot;:&quot;classic&quot;}\">\n\t\t\t\t<div class=\"elementor-element elementor-element-22dd36f elementor-widget elementor-widget-heading\" data-id=\"22dd36f\" data-element_type=\"widget\" data-e-type=\"widget\" data-widget_type=\"heading.default\">\n\t\t\t\t<div class=\"elementor-widget-container\">\n\t\t\t\t\t<h5 class=\"elementor-heading-title elementor-size-xxl\">3<\/h5>\t\t\t\t<\/div>\n\t\t\t\t<\/div>\n\t\t\t\t<\/div>\n\t\t<div data-particle_enable=\"false\" data-particle-mobile-disabled=\"false\" class=\"elementor-element elementor-element-847593e e-con-full e-flex e-con e-child\" data-id=\"847593e\" data-element_type=\"container\" data-e-type=\"container\" data-settings=\"{&quot;background_background&quot;:&quot;classic&quot;}\">\n\t\t\t\t<div class=\"elementor-element elementor-element-85f0064 elementor-widget elementor-widget-heading\" data-id=\"85f0064\" data-element_type=\"widget\" data-e-type=\"widget\" data-widget_type=\"heading.default\">\n\t\t\t\t<div class=\"elementor-widget-container\">\n\t\t\t\t\t<h2 class=\"elementor-heading-title elementor-size-xl\">SERVICIO<\/h2>\t\t\t\t<\/div>\n\t\t\t\t<\/div>\n\t\t\t\t<div class=\"elementor-element elementor-element-79d6def elementor-widget__width-initial elementor-widget elementor-widget-text-editor\" data-id=\"79d6def\" data-element_type=\"widget\" data-e-type=\"widget\" data-widget_type=\"text-editor.default\">\n\t\t\t\t<div class=\"elementor-widget-container\">\n\t\t\t\t\t\t\t\t\t<h4>Creemos que Jes\u00fas nos invita a una nueva vida a trav\u00e9s del arrepentimiento y la conversi\u00f3n.<\/h4><p style=\"padding-left: 40px;\">Jes\u00fas ofrece el perd\u00f3n de los pecados y el regalo de la vida eterna. \u00c9l ofrece esto a aquellos que, mediante la obra del Esp\u00edritu y por la fe verdadera, conf\u00edan en \u00c9l. Jes\u00fas los salva del pecado y de la condenaci\u00f3n eterna a una vida nueva vivida con y para \u00c9l.<\/p><h4>Creemos que somos salvos para hacer buenas obras.<\/h4><p style=\"padding-left: 40px;\">Cristo por Su Esp\u00edritu me est\u00e1 renovando para ser como \u00c9l mismo para que:<br \/>a. Con mi vida demuestro que estoy agradecido a Dios y lo alabo.<br \/>b. Por las buenas obras tengo seguridad de mi fe por sus frutos<br \/>C. Otros pueden ser ganados para Cristo.<\/p>\t\t\t\t\t\t\t\t<\/div>\n\t\t\t\t<\/div>\n\t\t\t\t<\/div>\n\t\t\t\t<\/div>\n\t\t\t\t\t<\/div>\n\t\t\t\t<\/div>\n\t\t\t\t<\/div>","protected":false},"excerpt":{"rendered":"<p>What We Believe at Sunlight Our Beliefs: &#8220;Sin, Salvation, Service&#8221; 1 SIN We believe that as a result of the fall, every human being has a sinful nature and doesn\u2019t [&hellip;]<\/p>","protected":false},"author":1,"featured_media":0,"parent":0,"menu_order":0,"comment_status":"closed","ping_status":"closed","template":"","meta":{"_price":"","_stock":"","_tribe_ticket_header":"","_tribe_default_ticket_provider":"","_tribe_ticket_capacity":"0","_ticket_start_date":"","_ticket_end_date":"","_tribe_ticket_show_description":"","_tribe_ticket_show_not_going":false,"_tribe_ticket_use_global_stock":"","_tribe_ticket_global_stock_level":"","_global_stock_mode":"","_global_stock_cap":"","_tribe_rsvp_for_event":"","_tribe_ticket_going_count":"","_tribe_ticket_not_going_count":"","_tribe_tickets_list":"[]","_tribe_ticket_has_attendee_info_fields":false,"footnotes":"","_tec_slr_enabled":"","_tec_slr_layout":""},"class_list":["post-147","page","type-page","status-publish","hentry"],"ticketed":false,"_links":{"self":[{"href":"https:\/\/sunlightchurch.com\/es\/wp-json\/wp\/v2\/pages\/147","targetHints":{"allow":["GET"]}}],"collection":[{"href":"https:\/\/sunlightchurch.com\/es\/wp-json\/wp\/v2\/pages"}],"about":[{"href":"https:\/\/sunlightchurch.com\/es\/wp-json\/wp\/v2\/types\/page"}],"author":[{"embeddable":true,"href":"https:\/\/sunlightchurch.com\/es\/wp-json\/wp\/v2\/users\/1"}],"replies":[{"embeddable":true,"href":"https:\/\/sunlightchurch.com\/es\/wp-json\/wp\/v2\/comments?post=147"}],"version-history":[{"count":20,"href":"https:\/\/sunlightchurch.com\/es\/wp-json\/wp\/v2\/pages\/147\/revisions"}],"predecessor-version":[{"id":20170,"href":"https:\/\/sunlightchurch.com\/es\/wp-json\/wp\/v2\/pages\/147\/revisions\/20170"}],"wp:attachment":[{"href":"https:\/\/sunlightchurch.com\/es\/wp-json\/wp\/v2\/media?parent=147"}],"curies":[{"name":"gracias","href":"https:\/\/api.w.org\/{rel}","templated":true}]}}