{"id":19397,"date":"2025-04-15T12:29:26","date_gmt":"2025-04-15T16:29:26","guid":{"rendered":"https:\/\/sunlightchurch.com\/?page_id=19397"},"modified":"2025-04-17T12:10:08","modified_gmt":"2025-04-17T16:10:08","slug":"newsletter","status":"publish","type":"page","link":"https:\/\/sunlightchurch.com\/pt_br\/newsletter\/","title":{"rendered":"Inscreva-se para receber boas not\u00edcias"},"content":{"rendered":"<style>.elementor-widget-image .widget-image-caption{color:var( --e-global-color-text );font-family:var( --e-global-typography-text-font-family ), Sans-serif;font-weight:var( --e-global-typography-text-font-weight );}.elementor-widget-image .eael-protected-content-message{font-family:var( --e-global-typography-secondary-font-family ), Sans-serif;font-weight:var( --e-global-typography-secondary-font-weight );}.elementor-widget-image .protected-content-error-msg{font-family:var( --e-global-typography-secondary-font-family ), Sans-serif;font-weight:var( --e-global-typography-secondary-font-weight );}.elementor-19397 .elementor-element.elementor-element-f1c921a img{border-radius:10px 10px 10px 10px;}.elementor-widget-heading .elementor-heading-title{font-family:var( --e-global-typography-primary-font-family ), Sans-serif;font-weight:var( --e-global-typography-primary-font-weight );color:var( --e-global-color-primary );}.elementor-widget-heading .eael-protected-content-message{font-family:var( --e-global-typography-secondary-font-family ), Sans-serif;font-weight:var( --e-global-typography-secondary-font-weight );}.elementor-widget-heading .protected-content-error-msg{font-family:var( --e-global-typography-secondary-font-family ), Sans-serif;font-weight:var( --e-global-typography-secondary-font-weight );}.elementor-19397 .elementor-element.elementor-element-a1d8f83{text-align:center;}.elementor-19397 .elementor-element.elementor-element-a1d8f83 .elementor-heading-title{color:#000000;}.elementor-widget-text-editor{font-family:var( --e-global-typography-text-font-family ), Sans-serif;font-weight:var( --e-global-typography-text-font-weight );color:var( --e-global-color-text );}.elementor-widget-text-editor.elementor-drop-cap-view-stacked .elementor-drop-cap{background-color:var( --e-global-color-primary );}.elementor-widget-text-editor.elementor-drop-cap-view-framed .elementor-drop-cap, .elementor-widget-text-editor.elementor-drop-cap-view-default .elementor-drop-cap{color:var( --e-global-color-primary );border-color:var( --e-global-color-primary );}.elementor-widget-text-editor .eael-protected-content-message{font-family:var( --e-global-typography-secondary-font-family ), Sans-serif;font-weight:var( --e-global-typography-secondary-font-weight );}.elementor-widget-text-editor .protected-content-error-msg{font-family:var( --e-global-typography-secondary-font-family ), Sans-serif;font-weight:var( --e-global-typography-secondary-font-weight );}.elementor-widget-html .eael-protected-content-message{font-family:var( --e-global-typography-secondary-font-family ), Sans-serif;font-weight:var( --e-global-typography-secondary-font-weight );}.elementor-widget-html .protected-content-error-msg{font-family:var( --e-global-typography-secondary-font-family ), Sans-serif;font-weight:var( --e-global-typography-secondary-font-weight );}.elementor-widget-spacer .eael-protected-content-message{font-family:var( --e-global-typography-secondary-font-family ), Sans-serif;font-weight:var( --e-global-typography-secondary-font-weight );}.elementor-widget-spacer .protected-content-error-msg{font-family:var( --e-global-typography-secondary-font-family ), Sans-serif;font-weight:var( --e-global-typography-secondary-font-weight );}.elementor-19397 .elementor-element.elementor-element-0be66d1{--spacer-size:87px;}.elementor-19397 .elementor-element.elementor-element-15b3eb4 > .elementor-container{max-width:1040px;}\/* Start custom CSS *\/.elem-hero{\n    height: 420px;\n    position: relative;\n    overflow: hidden !important;\n}\n.elem-hero img{\n    position: absolute;\n    left: 0;\n    height: 100%;\n    top: 0;\n    object-fit: cover;\n    \n}\n.elem-hero .elementor-widget-image{\n        position: absolute;\n    height: 400px;\n}\/* End custom CSS *\/<\/style>\t\t<div data-elementor-type=\"wp-page\" data-elementor-id=\"19397\" class=\"elementor elementor-19397\" data-elementor-post-type=\"page\">\n\t\t\t\t\t\t<section data-particle_enable=\"false\" data-particle-mobile-disabled=\"false\" class=\"elementor-section elementor-top-section elementor-element elementor-element-c991f06 elementor-section-boxed elementor-section-height-default elementor-section-height-default\" data-id=\"c991f06\" data-element_type=\"section\" data-e-type=\"section\">\n\t\t\t\t\t\t<div class=\"elementor-container elementor-column-gap-default\">\n\t\t\t\t\t<div class=\"elementor-column elementor-col-100 elementor-top-column elementor-element elementor-element-6ce2be4\" data-id=\"6ce2be4\" data-element_type=\"column\" data-e-type=\"column\">\n\t\t\t<div class=\"elementor-widget-wrap elementor-element-populated\">\n\t\t\t\t\t\t<div class=\"elementor-element elementor-element-f1c921a elementor-widget elementor-widget-image\" data-id=\"f1c921a\" data-element_type=\"widget\" data-e-type=\"widget\" data-widget_type=\"image.default\">\n\t\t\t\t<div class=\"elementor-widget-container\">\n\t\t\t\t\t\t\t\t\t\t\t\t\t\t\t<img fetchpriority=\"high\" decoding=\"async\" width=\"768\" height=\"432\" src=\"https:\/\/sunlightchurch.com\/wp-content\/uploads\/2020\/03\/shows-banner.001-768x432.jpeg\" class=\"attachment-medium_large size-medium_large wp-image-898\" alt=\"\" srcset=\"https:\/\/sunlightchurch.com\/wp-content\/uploads\/2020\/03\/shows-banner.001-768x432.jpeg 768w, https:\/\/sunlightchurch.com\/wp-content\/uploads\/2020\/03\/shows-banner.001-300x169.jpeg 300w, https:\/\/sunlightchurch.com\/wp-content\/uploads\/2020\/03\/shows-banner.001-1024x576.jpeg 1024w, https:\/\/sunlightchurch.com\/wp-content\/uploads\/2020\/03\/shows-banner.001.jpeg 1200w\" sizes=\"(max-width: 768px) 100vw, 768px\" \/>\t\t\t\t\t\t\t\t\t\t\t\t\t\t\t<\/div>\n\t\t\t\t<\/div>\n\t\t\t\t<div class=\"elementor-element elementor-element-a1d8f83 elementor-widget elementor-widget-heading\" data-id=\"a1d8f83\" data-element_type=\"widget\" data-e-type=\"widget\" data-widget_type=\"heading.default\">\n\t\t\t\t<div class=\"elementor-widget-container\">\n\t\t\t\t\t<h1 class=\"elementor-heading-title elementor-size-xl\">Inscreva-se para receber o boletim informativo Sunlight<\/h1>\t\t\t\t<\/div>\n\t\t\t\t<\/div>\n\t\t\t\t<div class=\"elementor-element elementor-element-ee49590 elementor-widget elementor-widget-text-editor\" data-id=\"ee49590\" data-element_type=\"widget\" data-e-type=\"widget\" data-widget_type=\"text-editor.default\">\n\t\t\t\t<div class=\"elementor-widget-container\">\n\t\t\t\t\t\t\t\t\t<p>Este \u00e9 um boletim semanal do Campus St. Lucie West. Voc\u00ea receber\u00e1 atualiza\u00e7\u00f5es sobre o que est\u00e1 acontecendo na igreja, grandes eventos e boas not\u00edcias em geral sobre a Sunlight Community Church.\u00a0<\/p><p>N\u00e3o se preocupe, tamb\u00e9m n\u00e3o gostamos de spam! O pastor Aaron Mamuyac envia esta mensagem todas as quintas-feiras \u00e0 tarde. Ele tamb\u00e9m receber\u00e1 as respostas aos seus e-mails, para que voc\u00ea sempre tenha acesso a um pastor para quaisquer d\u00favidas ou preocupa\u00e7\u00f5es. Voc\u00ea pode cancelar a assinatura a qualquer momento!<\/p>\t\t\t\t\t\t\t\t<\/div>\n\t\t\t\t<\/div>\n\t\t\t\t\t<\/div>\n\t\t<\/div>\n\t\t\t\t\t<\/div>\n\t\t<\/section>\n\t\t\t\t<section data-particle_enable=\"false\" data-particle-mobile-disabled=\"false\" class=\"elementor-section elementor-top-section elementor-element elementor-element-1b22c58 elementor-section-boxed elementor-section-height-default elementor-section-height-default\" data-id=\"1b22c58\" data-element_type=\"section\" data-e-type=\"section\">\n\t\t\t\t\t\t<div class=\"elementor-container elementor-column-gap-default\">\n\t\t\t\t\t<div class=\"elementor-column elementor-col-100 elementor-top-column elementor-element elementor-element-0ccf44d\" data-id=\"0ccf44d\" data-element_type=\"column\" data-e-type=\"column\">\n\t\t\t<div class=\"elementor-widget-wrap elementor-element-populated\">\n\t\t\t\t\t\t<div class=\"elementor-element elementor-element-6d63769 elementor-widget elementor-widget-html\" data-id=\"6d63769\" data-element_type=\"widget\" data-e-type=\"widget\" data-widget_type=\"html.default\">\n\t\t\t\t<div class=\"elementor-widget-container\">\n\t\t\t\t\t<div id=\"mc_embed_shell\">\n      <link href=\"\/\/cdn-images.mailchimp.com\/embedcode\/classic-061523.css\" rel=\"stylesheet\" type=\"text\/css\">\n  <style type=\"text\/css\">\n        #mc_embed_signup{background:#fff; false;clear:left; font:14px Helvetica,Arial,sans-serif; width: px;}\n        \/* Add your own Mailchimp form style overrides in your site stylesheet or in this style block.\n           We recommend moving this block and the preceding CSS link to the HEAD of your HTML file. *\/\n<\/style>\n<div id=\"mc_embed_signup\">\n    <form action=\"https:\/\/sunlightchurch.us1.list-manage.com\/subscribe\/post?u=2d4495ac24fc656c8eb835a5c&amp;id=1ed414d85f&amp;f_id=000113e5f0\" method=\"post\" id=\"mc-embedded-subscribe-form\" name=\"mc-embedded-subscribe-form\" class=\"validate\" target=\"_blank\">\n        <div id=\"mc_embed_signup_scroll\"><h2>Assine nosso boletim semanal da Igreja<\/h2>\n            <div class=\"indicates-required\"><span class=\"asterisk\">*<\/span> indica necess\u00e1rio<\/div>\n            <div class=\"mc-field-group\"><label for=\"mce-FNAME\">Primeiro nome <\/label><input type=\"text\" name=\"FNAME\" class=\"text\" id=\"mce-FNAME\" value=\"\"><\/div><div class=\"mc-field-group\"><label for=\"mce-LNAME\">Sobrenome <\/label><input type=\"text\" name=\"LNAME\" class=\"text\" id=\"mce-LNAME\" value=\"\"><\/div><div class=\"mc-field-group\"><label for=\"mce-EMAIL\">Endere\u00e7o de email <span class=\"asterisk\">*<\/span><\/label><input type=\"email\" name=\"EMAIL\" class=\"required email\" id=\"mce-EMAIL\" required=\"\" value=\"\"><\/div>\n<div hidden=\"\"><input type=\"hidden\" name=\"tags\" value=\"5801697,5801709,5801705,5801741\"><\/div>\n        <div id=\"mce-responses\" class=\"clear\">\n            <div class=\"response\" id=\"mce-error-response\" style=\"display: none;\"><\/div>\n            <div class=\"response\" id=\"mce-success-response\" style=\"display: none;\"><\/div>\n        <\/div><div aria-hidden=\"true\" style=\"position: absolute; left: -5000px;\"><input type=\"text\" name=\"b_2d4495ac24fc656c8eb835a5c_1ed414d85f\" tabindex=\"-1\" value=\"\"><\/div><div class=\"clear\"><input type=\"submit\" name=\"subscribe\" id=\"mc-embedded-subscribe\" class=\"button\" value=\"Se inscrever\"><\/div>\n    <\/div>\n<\/form>\n<\/div>\n<script type=\"text\/javascript\" src=\"\/\/s3.amazonaws.com\/downloads.mailchimp.com\/js\/mc-validate.js\"><\/script><script type=\"text\/javascript\">(function($) {window.fnames = new Array(); window.ftypes = new Array();fnames[1]='FNAME';ftypes[1]='text';fnames[2]='LNAME';ftypes[2]='text';fnames[0]='EMAIL';ftypes[0]='email';}(jQuery));var $mcj = jQuery.noConflict(true);<\/script><\/div>\n\t\t\t\t<\/div>\n\t\t\t\t<\/div>\n\t\t\t\t<div class=\"elementor-element elementor-element-0be66d1 elementor-widget elementor-widget-spacer\" data-id=\"0be66d1\" data-element_type=\"widget\" data-e-type=\"widget\" data-widget_type=\"spacer.default\">\n\t\t\t\t<div class=\"elementor-widget-container\">\n\t\t\t\t\t\t\t<div class=\"elementor-spacer\">\n\t\t\t<div class=\"elementor-spacer-inner\"><\/div>\n\t\t<\/div>\n\t\t\t\t\t\t<\/div>\n\t\t\t\t<\/div>\n\t\t\t\t\t<\/div>\n\t\t<\/div>\n\t\t\t\t\t<\/div>\n\t\t<\/section>\n\t\t\t\t<section data-particle_enable=\"false\" data-particle-mobile-disabled=\"false\" class=\"elementor-section elementor-top-section elementor-element elementor-element-15b3eb4 elementor-section-boxed elementor-section-height-default elementor-section-height-default\" data-id=\"15b3eb4\" data-element_type=\"section\" data-e-type=\"section\">\n\t\t\t\t\t\t<div class=\"elementor-container elementor-column-gap-default\">\n\t\t\t\t\t<div class=\"elementor-column elementor-col-100 elementor-top-column elementor-element elementor-element-56b46d9\" data-id=\"56b46d9\" data-element_type=\"column\" data-e-type=\"column\">\n\t\t\t<div class=\"elementor-widget-wrap\">\n\t\t\t\t\t\t\t<\/div>\n\t\t<\/div>\n\t\t\t\t\t<\/div>\n\t\t<\/section>\n\t\t\t\t<\/div>","protected":false},"excerpt":{"rendered":"<p>Sign Up for the Sunlight News Letter This is a weekly newsletter for the St. Lucie West Campus. You&#8217;ll recieve updates on whats happening around the church, big events, and generally good news around Sunlight Community Church.\u00a0 Don&#8217;t worry, we don&#8217;t like spam mail too! Pastor Aaron Mamuyac sends this out every Thursday afternoon. Also [&hellip;]<\/p>","protected":false},"author":2,"featured_media":981,"parent":0,"menu_order":0,"comment_status":"closed","ping_status":"closed","template":"","meta":{"_price":"","_stock":"","_tribe_ticket_header":"","_tribe_default_ticket_provider":"","_tribe_ticket_capacity":"0","_ticket_start_date":"","_ticket_end_date":"","_tribe_ticket_show_description":"","_tribe_ticket_show_not_going":false,"_tribe_ticket_use_global_stock":"","_tribe_ticket_global_stock_level":"","_global_stock_mode":"","_global_stock_cap":"","_tribe_rsvp_for_event":"","_tribe_ticket_going_count":"","_tribe_ticket_not_going_count":"","_tribe_tickets_list":"[]","_tribe_ticket_has_attendee_info_fields":false,"footnotes":"","_tec_slr_enabled":"","_tec_slr_layout":""},"class_list":["post-19397","page","type-page","status-publish","has-post-thumbnail","hentry"],"ticketed":false,"_links":{"self":[{"href":"https:\/\/sunlightchurch.com\/pt_br\/wp-json\/wp\/v2\/pages\/19397","targetHints":{"allow":["GET"]}}],"collection":[{"href":"https:\/\/sunlightchurch.com\/pt_br\/wp-json\/wp\/v2\/pages"}],"about":[{"href":"https:\/\/sunlightchurch.com\/pt_br\/wp-json\/wp\/v2\/types\/page"}],"author":[{"embeddable":true,"href":"https:\/\/sunlightchurch.com\/pt_br\/wp-json\/wp\/v2\/users\/2"}],"replies":[{"embeddable":true,"href":"https:\/\/sunlightchurch.com\/pt_br\/wp-json\/wp\/v2\/comments?post=19397"}],"version-history":[{"count":8,"href":"https:\/\/sunlightchurch.com\/pt_br\/wp-json\/wp\/v2\/pages\/19397\/revisions"}],"predecessor-version":[{"id":19429,"href":"https:\/\/sunlightchurch.com\/pt_br\/wp-json\/wp\/v2\/pages\/19397\/revisions\/19429"}],"wp:featuredmedia":[{"embeddable":true,"href":"https:\/\/sunlightchurch.com\/pt_br\/wp-json\/wp\/v2\/media\/981"}],"wp:attachment":[{"href":"https:\/\/sunlightchurch.com\/pt_br\/wp-json\/wp\/v2\/media?parent=19397"}],"curies":[{"name":"wp","href":"https:\/\/api.w.org\/{rel}","templated":true}]}}