{"id":2287,"date":"2020-07-03T11:05:36","date_gmt":"2020-07-03T15:05:36","guid":{"rendered":"https:\/\/sunlightchurch.com\/?page_id=2287"},"modified":"2022-07-19T14:33:26","modified_gmt":"2022-07-19T18:33:26","slug":"imnew","status":"publish","type":"page","link":"https:\/\/sunlightchurch.com\/pt_br\/imnew\/","title":{"rendered":"Eu sou novo"},"content":{"rendered":"<style>.elementor-widget-spacer .eael-protected-content-message{font-family:var( --e-global-typography-secondary-font-family ), Sans-serif;font-weight:var( --e-global-typography-secondary-font-weight );}.elementor-widget-spacer .protected-content-error-msg{font-family:var( --e-global-typography-secondary-font-family ), Sans-serif;font-weight:var( --e-global-typography-secondary-font-weight );}.elementor-2287 .elementor-element.elementor-element-2c904a0{--spacer-size:30px;}.elementor-widget-image .eael-protected-content-message{font-family:var( --e-global-typography-secondary-font-family ), Sans-serif;font-weight:var( --e-global-typography-secondary-font-weight );}.elementor-widget-image .protected-content-error-msg{font-family:var( --e-global-typography-secondary-font-family ), Sans-serif;font-weight:var( --e-global-typography-secondary-font-weight );}.elementor-widget-image .widget-image-caption{color:var( --e-global-color-text );font-family:var( --e-global-typography-text-font-family ), Sans-serif;font-weight:var( --e-global-typography-text-font-weight );}.elementor-2287 .elementor-element.elementor-element-03ecab3 img{border-radius:10px 10px 10px 10px;}.elementor-2287 .elementor-element.elementor-element-aaafff4{--spacer-size:31px;}.elementor-widget-heading .eael-protected-content-message{font-family:var( --e-global-typography-secondary-font-family ), Sans-serif;font-weight:var( --e-global-typography-secondary-font-weight );}.elementor-widget-heading .protected-content-error-msg{font-family:var( --e-global-typography-secondary-font-family ), Sans-serif;font-weight:var( --e-global-typography-secondary-font-weight );}.elementor-widget-heading .elementor-heading-title{font-family:var( --e-global-typography-primary-font-family ), Sans-serif;font-weight:var( --e-global-typography-primary-font-weight );color:var( --e-global-color-primary );}.elementor-2287 .elementor-element.elementor-element-2d24244 > .elementor-widget-container{padding:10px 10px 10px 10px;}.elementor-2287 .elementor-element.elementor-element-2d24244{text-align:center;}.elementor-2287 .elementor-element.elementor-element-2d24244 .elementor-heading-title{color:#000000;}.elementor-widget-text-editor .eael-protected-content-message{font-family:var( --e-global-typography-secondary-font-family ), Sans-serif;font-weight:var( --e-global-typography-secondary-font-weight );}.elementor-widget-text-editor .protected-content-error-msg{font-family:var( --e-global-typography-secondary-font-family ), Sans-serif;font-weight:var( --e-global-typography-secondary-font-weight );}.elementor-widget-text-editor{font-family:var( --e-global-typography-text-font-family ), Sans-serif;font-weight:var( --e-global-typography-text-font-weight );color:var( --e-global-color-text );}.elementor-widget-text-editor.elementor-drop-cap-view-stacked .elementor-drop-cap{background-color:var( --e-global-color-primary );}.elementor-widget-text-editor.elementor-drop-cap-view-framed .elementor-drop-cap, .elementor-widget-text-editor.elementor-drop-cap-view-default .elementor-drop-cap{color:var( --e-global-color-primary );border-color:var( --e-global-color-primary );}.elementor-2287 .elementor-element.elementor-element-affd6cb > .elementor-widget-container{margin:0px 0px 0px 0px;padding:0px 50px 0px 50px;}.elementor-2287 .elementor-element.elementor-element-affd6cb{text-align:center;}.elementor-2287 .elementor-element.elementor-element-f1df1d0{--spacer-size:50px;}.elementor-2287 .elementor-element.elementor-element-5548c8a:not(.elementor-motion-effects-element-type-background) > .elementor-widget-wrap, .elementor-2287 .elementor-element.elementor-element-5548c8a > .elementor-widget-wrap > .elementor-motion-effects-container > .elementor-motion-effects-layer{background-color:transparent;background-image:linear-gradient(180deg, #F97500 0%, #F97500 100%);}.elementor-2287 .elementor-element.elementor-element-5548c8a > .elementor-element-populated{transition:background 0.3s, border 0.3s, border-radius 0.3s, box-shadow 0.3s;}.elementor-2287 .elementor-element.elementor-element-5548c8a > .elementor-element-populated > .elementor-background-overlay{transition:background 0.3s, border-radius 0.3s, opacity 0.3s;}.elementor-2287 .elementor-element.elementor-element-1aa6015 > .elementor-widget-container{padding:030px 030px 0px 030px;}.elementor-2287 .elementor-element.elementor-element-1aa6015 .elementor-heading-title{color:#FFFFFF;}.elementor-2287 .elementor-element.elementor-element-eede777 > .elementor-widget-container{padding:0px 30px 0px 30px;}.elementor-widget-button .elementor-button{background-color:var( --e-global-color-accent );font-family:var( --e-global-typography-accent-font-family ), Sans-serif;font-weight:var( --e-global-typography-accent-font-weight );}.elementor-widget-button .eael-protected-content-message{font-family:var( --e-global-typography-secondary-font-family ), Sans-serif;font-weight:var( --e-global-typography-secondary-font-weight );}.elementor-widget-button .protected-content-error-msg{font-family:var( --e-global-typography-secondary-font-family ), Sans-serif;font-weight:var( --e-global-typography-secondary-font-weight );}.elementor-2287 .elementor-element.elementor-element-87cf897 .elementor-button{background-color:#FFFFFF;fill:#F97500;color:#F97500;}.elementor-2287 .elementor-element.elementor-element-87cf897 > .elementor-widget-container{padding:0px 0px 30px 0px;}.elementor-2287 .elementor-element.elementor-element-7fd283f > .elementor-widget-container{padding:20px 0px 0px 050px;}.elementor-2287 .elementor-element.elementor-element-7fd283f .elementor-heading-title{color:#000000;}.elementor-2287 .elementor-element.elementor-element-29d82dd > .elementor-widget-container{padding:0px 50px 0px 50px;}.elementor-2287 .elementor-element.elementor-element-c7cd4f2{--spacer-size:31px;}.elementor-2287 .elementor-element.elementor-element-3c9260b > .elementor-widget-container{padding:40px 40px 0px 40px;}.elementor-2287 .elementor-element.elementor-element-3c9260b{text-align:center;}.elementor-2287 .elementor-element.elementor-element-3c9260b .elementor-heading-title{color:#F97500;}.elementor-2287 .elementor-element.elementor-element-d84b884 .elementor-button{background-color:var( --e-global-color-adb0275 );}.elementor-widget-social-icons .eael-protected-content-message{font-family:var( --e-global-typography-secondary-font-family ), Sans-serif;font-weight:var( --e-global-typography-secondary-font-weight );}.elementor-widget-social-icons .protected-content-error-msg{font-family:var( --e-global-typography-secondary-font-family ), Sans-serif;font-weight:var( --e-global-typography-secondary-font-weight );}.elementor-2287 .elementor-element.elementor-element-0d7e938{--grid-template-columns:repeat(0, auto);--grid-column-gap:5px;--grid-row-gap:0px;}.elementor-2287 .elementor-element.elementor-element-0d7e938 .elementor-widget-container{text-align:center;}.elementor-2287 .elementor-element.elementor-element-fbc72da{--spacer-size:50px;}@media(min-width:768px){.elementor-2287 .elementor-element.elementor-element-5548c8a{width:31.053%;}.elementor-2287 .elementor-element.elementor-element-0240a5a{width:68.947%;}}<\/style>\t\t<div data-elementor-type=\"wp-page\" data-elementor-id=\"2287\" class=\"elementor elementor-2287\" data-elementor-post-type=\"page\">\n\t\t\t\t\t\t<section data-particle_enable=\"false\" data-particle-mobile-disabled=\"false\" class=\"elementor-section elementor-top-section elementor-element elementor-element-242f498 hero-el-sect elementor-section-boxed elementor-section-height-default elementor-section-height-default\" data-id=\"242f498\" data-element_type=\"section\">\n\t\t\t\t\t\t<div class=\"elementor-container elementor-column-gap-default\">\n\t\t\t\t\t<div class=\"elementor-column elementor-col-100 elementor-top-column elementor-element elementor-element-16ea1e9\" data-id=\"16ea1e9\" data-element_type=\"column\">\n\t\t\t<div class=\"elementor-widget-wrap elementor-element-populated\">\n\t\t\t\t\t\t<div class=\"elementor-element elementor-element-2c904a0 elementor-widget elementor-widget-spacer\" data-id=\"2c904a0\" data-element_type=\"widget\" data-widget_type=\"spacer.default\">\n\t\t\t\t<div class=\"elementor-widget-container\">\n\t\t\t\t\t\t\t<div class=\"elementor-spacer\">\n\t\t\t<div class=\"elementor-spacer-inner\"><\/div>\n\t\t<\/div>\n\t\t\t\t\t\t<\/div>\n\t\t\t\t<\/div>\n\t\t\t\t<div class=\"elementor-element elementor-element-03ecab3 elementor-widget elementor-widget-image\" data-id=\"03ecab3\" data-element_type=\"widget\" data-widget_type=\"image.default\">\n\t\t\t\t<div class=\"elementor-widget-container\">\n\t\t\t\t\t\t\t\t\t\t\t\t\t\t\t<img fetchpriority=\"high\" decoding=\"async\" width=\"768\" height=\"432\" src=\"https:\/\/sunlightchurch.com\/wp-content\/uploads\/2020\/07\/Im-New.001-768x432.jpeg\" class=\"attachment-medium_large size-medium_large wp-image-2296\" alt=\"\" srcset=\"https:\/\/sunlightchurch.com\/wp-content\/uploads\/2020\/07\/Im-New.001-768x432.jpeg 768w, https:\/\/sunlightchurch.com\/wp-content\/uploads\/2020\/07\/Im-New.001-300x169.jpeg 300w, https:\/\/sunlightchurch.com\/wp-content\/uploads\/2020\/07\/Im-New.001-1024x576.jpeg 1024w, https:\/\/sunlightchurch.com\/wp-content\/uploads\/2020\/07\/Im-New.001-800x450.jpeg 800w, https:\/\/sunlightchurch.com\/wp-content\/uploads\/2020\/07\/Im-New.001.jpeg 1200w\" sizes=\"(max-width: 768px) 100vw, 768px\" \/>\t\t\t\t\t\t\t\t\t\t\t\t\t\t\t<\/div>\n\t\t\t\t<\/div>\n\t\t\t\t\t<\/div>\n\t\t<\/div>\n\t\t\t\t\t<\/div>\n\t\t<\/section>\n\t\t\t\t<section data-particle_enable=\"false\" data-particle-mobile-disabled=\"false\" class=\"elementor-section elementor-top-section elementor-element elementor-element-3db8945 elementor-section-boxed elementor-section-height-default elementor-section-height-default\" data-id=\"3db8945\" data-element_type=\"section\">\n\t\t\t\t\t\t<div class=\"elementor-container elementor-column-gap-default\">\n\t\t\t\t\t<div class=\"elementor-column elementor-col-100 elementor-top-column elementor-element elementor-element-9704311\" data-id=\"9704311\" data-element_type=\"column\">\n\t\t\t<div class=\"elementor-widget-wrap elementor-element-populated\">\n\t\t\t\t\t\t<div class=\"elementor-element elementor-element-aaafff4 elementor-widget elementor-widget-spacer\" data-id=\"aaafff4\" data-element_type=\"widget\" data-widget_type=\"spacer.default\">\n\t\t\t\t<div class=\"elementor-widget-container\">\n\t\t\t\t\t\t\t<div class=\"elementor-spacer\">\n\t\t\t<div class=\"elementor-spacer-inner\"><\/div>\n\t\t<\/div>\n\t\t\t\t\t\t<\/div>\n\t\t\t\t<\/div>\n\t\t\t\t<div class=\"elementor-element elementor-element-2d24244 elementor-widget elementor-widget-heading\" data-id=\"2d24244\" data-element_type=\"widget\" data-widget_type=\"heading.default\">\n\t\t\t\t<div class=\"elementor-widget-container\">\n\t\t\t\t\t<h1 class=\"elementor-heading-title elementor-size-xxl\">Estamos felizes que voc\u00ea esteja aqui!<\/h1>\t\t\t\t<\/div>\n\t\t\t\t<\/div>\n\t\t\t\t<div class=\"elementor-element elementor-element-affd6cb elementor-widget elementor-widget-text-editor\" data-id=\"affd6cb\" data-element_type=\"widget\" data-widget_type=\"text-editor.default\">\n\t\t\t\t<div class=\"elementor-widget-container\">\n\t\t\t\t\t\t\t\t\t<p style=\"margin: 0px; cursor: text; z-index: 15; counter-reset: list-1 0 list-2 0 list-3 0 list-4 0 list-5 0 list-6 0 list-7 0 list-8 0 list-9 0; color: #20292f; font-family: 'Open Sans'; font-size: 16px; white-space: pre-wrap; background-color: #ffffff; padding: 0px 0px 0px 0px !important;\">Sabemos que conhecer algu\u00e9m pela primeira vez pode ser intimidador, e ir a uma nova igreja pela primeira vez pode ser estressante. Queremos ajudar a tornar sua primeira experi\u00eancia na Igreja Sunlight incr\u00edvel!<\/p>\t\t\t\t\t\t\t\t<\/div>\n\t\t\t\t<\/div>\n\t\t\t\t<div class=\"elementor-element elementor-element-f1df1d0 elementor-widget elementor-widget-spacer\" data-id=\"f1df1d0\" data-element_type=\"widget\" data-widget_type=\"spacer.default\">\n\t\t\t\t<div class=\"elementor-widget-container\">\n\t\t\t\t\t\t\t<div class=\"elementor-spacer\">\n\t\t\t<div class=\"elementor-spacer-inner\"><\/div>\n\t\t<\/div>\n\t\t\t\t\t\t<\/div>\n\t\t\t\t<\/div>\n\t\t\t\t\t<\/div>\n\t\t<\/div>\n\t\t\t\t\t<\/div>\n\t\t<\/section>\n\t\t\t\t<section data-particle_enable=\"false\" data-particle-mobile-disabled=\"false\" class=\"elementor-section elementor-top-section elementor-element elementor-element-811f613 elementor-section-boxed elementor-section-height-default elementor-section-height-default\" data-id=\"811f613\" data-element_type=\"section\">\n\t\t\t\t\t\t<div class=\"elementor-container elementor-column-gap-default\">\n\t\t\t\t\t<div class=\"elementor-column elementor-col-50 elementor-top-column elementor-element elementor-element-5548c8a\" data-id=\"5548c8a\" data-element_type=\"column\" data-settings=\"{&quot;background_background&quot;:&quot;gradient&quot;}\">\n\t\t\t<div class=\"elementor-widget-wrap elementor-element-populated\">\n\t\t\t\t\t\t<div class=\"elementor-element elementor-element-1aa6015 elementor-widget elementor-widget-heading\" data-id=\"1aa6015\" data-element_type=\"widget\" data-widget_type=\"heading.default\">\n\t\t\t\t<div class=\"elementor-widget-container\">\n\t\t\t\t\t<h1 class=\"elementor-heading-title elementor-size-xl\">Como fa\u00e7o para me conectar?<\/h1>\t\t\t\t<\/div>\n\t\t\t\t<\/div>\n\t\t\t\t<div class=\"elementor-element elementor-element-eede777 elementor-widget elementor-widget-text-editor\" data-id=\"eede777\" data-element_type=\"widget\" data-widget_type=\"text-editor.default\">\n\t\t\t\t<div class=\"elementor-widget-container\">\n\t\t\t\t\t\t\t\t\t<p><span style=\"color: #ffffff;\"><b>A Jornada<\/b> tem como objetivo ajudar voc\u00ea a conhecer nossa fam\u00edlia eclesi\u00e1stica. Falaremos sobre nossa miss\u00e3o, vis\u00e3o e cren\u00e7as, al\u00e9m de apresentar nossos diferentes minist\u00e9rios.<\/span><\/p>\t\t\t\t\t\t\t\t<\/div>\n\t\t\t\t<\/div>\n\t\t\t\t<div class=\"elementor-element elementor-element-87cf897 elementor-align-center elementor-widget elementor-widget-button\" data-id=\"87cf897\" data-element_type=\"widget\" data-widget_type=\"button.default\">\n\t\t\t\t<div class=\"elementor-widget-container\">\n\t\t\t\t\t\t\t\t\t<div class=\"elementor-button-wrapper\">\n\t\t\t\t\t<a class=\"elementor-button elementor-button-link elementor-size-sm\" href=\"https:\/\/sunlightcc.churchcenter.com\/registrations\/events\/1320963\">\n\t\t\t\t\t\t<span class=\"elementor-button-content-wrapper\">\n\t\t\t\t\t\t\t\t\t<span class=\"elementor-button-text\">Inscreva-se para a Jornada<\/span>\n\t\t\t\t\t<\/span>\n\t\t\t\t\t<\/a>\n\t\t\t\t<\/div>\n\t\t\t\t\t\t\t\t<\/div>\n\t\t\t\t<\/div>\n\t\t\t\t\t<\/div>\n\t\t<\/div>\n\t\t\t\t<div class=\"elementor-column elementor-col-50 elementor-top-column elementor-element elementor-element-0240a5a\" data-id=\"0240a5a\" data-element_type=\"column\">\n\t\t\t<div class=\"elementor-widget-wrap elementor-element-populated\">\n\t\t\t\t\t\t<div class=\"elementor-element elementor-element-7fd283f elementor-widget elementor-widget-heading\" data-id=\"7fd283f\" data-element_type=\"widget\" data-widget_type=\"heading.default\">\n\t\t\t\t<div class=\"elementor-widget-container\">\n\t\t\t\t\t<h2 class=\"elementor-heading-title elementor-size-default\">Bem-vindo \u00e0 igreja<\/h2>\t\t\t\t<\/div>\n\t\t\t\t<\/div>\n\t\t\t\t<div class=\"elementor-element elementor-element-29d82dd elementor-widget elementor-widget-text-editor\" data-id=\"29d82dd\" data-element_type=\"widget\" data-widget_type=\"text-editor.default\">\n\t\t\t\t<div class=\"elementor-widget-container\">\n\t\t\t\t\t\t\t\t\t<p><span style=\"color: #000000;\">A Sunlight Community Church existe para <b>conhecer Jesus<\/b>, m<b>fazer Jesus conhecido<\/b>, e\u00a0<b>Viva uma vida de Jesus.<\/b><\/span><\/p><p><span style=\"color: #000000;\">N\u00f3s\u00a0<b>conhecer Jesus<\/b> aprendendo e crescendo em Sua Palavra \u2013 a B\u00edblia \u2013 e sua mensagem de Boas Novas.\u00a0<\/span><\/p><p><span style=\"color: #000000;\">N\u00f3s\u00a0<b>fazer Jesus conhecido<\/b> ajudando disc\u00edpulos individuais de Jesus a se tornarem fazedores de disc\u00edpulos. Fazedores de disc\u00edpulos s\u00e3o pessoas em miss\u00e3o \u2013 ajudando outros a experimentar o poder transformador que n\u00f3s mesmos j\u00e1 recebemos.<\/span><\/p><p><span style=\"color: #000000;\">N\u00f3s\u00a0<b>viva uma vida de Jesus<\/b> assumindo um compromisso e se tornando parte de uma comunidade de pessoas que est\u00e3o ansiosas para ver o impacto desse processo multiplicado exponencialmente no mundo.<\/span><\/p><p><span style=\"color: #000000;\">Convidamos voc\u00ea a vir ver o que somos e se juntar a n\u00f3s nessa miss\u00e3o.\u00a0<\/span><\/p>\t\t\t\t\t\t\t\t<\/div>\n\t\t\t\t<\/div>\n\t\t\t\t\t<\/div>\n\t\t<\/div>\n\t\t\t\t\t<\/div>\n\t\t<\/section>\n\t\t\t\t<section data-particle_enable=\"false\" data-particle-mobile-disabled=\"false\" class=\"elementor-section elementor-top-section elementor-element elementor-element-83bc409 elementor-section-boxed elementor-section-height-default elementor-section-height-default\" data-id=\"83bc409\" data-element_type=\"section\">\n\t\t\t\t\t\t<div class=\"elementor-container elementor-column-gap-default\">\n\t\t\t\t\t<div class=\"elementor-column elementor-col-100 elementor-top-column elementor-element elementor-element-a02c2eb\" data-id=\"a02c2eb\" data-element_type=\"column\">\n\t\t\t<div class=\"elementor-widget-wrap elementor-element-populated\">\n\t\t\t\t\t\t<div class=\"elementor-element elementor-element-c7cd4f2 elementor-widget elementor-widget-spacer\" data-id=\"c7cd4f2\" data-element_type=\"widget\" data-widget_type=\"spacer.default\">\n\t\t\t\t<div class=\"elementor-widget-container\">\n\t\t\t\t\t\t\t<div class=\"elementor-spacer\">\n\t\t\t<div class=\"elementor-spacer-inner\"><\/div>\n\t\t<\/div>\n\t\t\t\t\t\t<\/div>\n\t\t\t\t<\/div>\n\t\t\t\t<div class=\"elementor-element elementor-element-3c9260b elementor-widget elementor-widget-heading\" data-id=\"3c9260b\" data-element_type=\"widget\" data-widget_type=\"heading.default\">\n\t\t\t\t<div class=\"elementor-widget-container\">\n\t\t\t\t\t<h1 class=\"elementor-heading-title elementor-size-xl\">Onde posso aprender mais?<\/h1>\t\t\t\t<\/div>\n\t\t\t\t<\/div>\n\t\t\t\t\t<\/div>\n\t\t<\/div>\n\t\t\t\t\t<\/div>\n\t\t<\/section>\n\t\t\t\t<section data-particle_enable=\"false\" data-particle-mobile-disabled=\"false\" class=\"elementor-section elementor-top-section elementor-element elementor-element-d49ef31 elementor-section-boxed elementor-section-height-default elementor-section-height-default\" data-id=\"d49ef31\" data-element_type=\"section\">\n\t\t\t\t\t\t<div class=\"elementor-container elementor-column-gap-default\">\n\t\t\t\t\t<div class=\"elementor-column elementor-col-25 elementor-top-column elementor-element elementor-element-6c38b03\" data-id=\"6c38b03\" data-element_type=\"column\">\n\t\t\t<div class=\"elementor-widget-wrap\">\n\t\t\t\t\t\t\t<\/div>\n\t\t<\/div>\n\t\t\t\t<div class=\"elementor-column elementor-col-25 elementor-top-column elementor-element elementor-element-d2e5b83\" data-id=\"d2e5b83\" data-element_type=\"column\">\n\t\t\t<div class=\"elementor-widget-wrap elementor-element-populated\">\n\t\t\t\t\t\t<div class=\"elementor-element elementor-element-b755641 elementor-widget elementor-widget-text-editor\" data-id=\"b755641\" data-element_type=\"widget\" data-widget_type=\"text-editor.default\">\n\t\t\t\t<div class=\"elementor-widget-container\">\n\t\t\t\t\t\t\t\t\t<p style=\"text-align: center;\">Mantenha-se atualizado por e-mail<\/p>\t\t\t\t\t\t\t\t<\/div>\n\t\t\t\t<\/div>\n\t\t\t\t<div class=\"elementor-element elementor-element-d84b884 elementor-align-center elementor-widget elementor-widget-button\" data-id=\"d84b884\" data-element_type=\"widget\" data-widget_type=\"button.default\">\n\t\t\t\t<div class=\"elementor-widget-container\">\n\t\t\t\t\t\t\t\t\t<div class=\"elementor-button-wrapper\">\n\t\t\t\t\t<a class=\"elementor-button elementor-button-link elementor-size-sm\" href=\"https:\/\/form.typeform.com\/to\/i5LLt3NL?typeform-source=www.sunlightchurch.com\">\n\t\t\t\t\t\t<span class=\"elementor-button-content-wrapper\">\n\t\t\t\t\t\t\t\t\t<span class=\"elementor-button-text\">Boletim Semanal<\/span>\n\t\t\t\t\t<\/span>\n\t\t\t\t\t<\/a>\n\t\t\t\t<\/div>\n\t\t\t\t\t\t\t\t<\/div>\n\t\t\t\t<\/div>\n\t\t\t\t\t<\/div>\n\t\t<\/div>\n\t\t\t\t<div class=\"elementor-column elementor-col-25 elementor-top-column elementor-element elementor-element-e98422a\" data-id=\"e98422a\" data-element_type=\"column\">\n\t\t\t<div class=\"elementor-widget-wrap elementor-element-populated\">\n\t\t\t\t\t\t<div class=\"elementor-element elementor-element-f239438 elementor-widget elementor-widget-text-editor\" data-id=\"f239438\" data-element_type=\"widget\" data-widget_type=\"text-editor.default\">\n\t\t\t\t<div class=\"elementor-widget-container\">\n\t\t\t\t\t\t\t\t\t<p style=\"text-align: center;\">Siga-nos nas redes sociais!<\/p>\t\t\t\t\t\t\t\t<\/div>\n\t\t\t\t<\/div>\n\t\t\t\t<div class=\"elementor-element elementor-element-0d7e938 elementor-shape-rounded elementor-grid-0 e-grid-align-center elementor-widget elementor-widget-social-icons\" data-id=\"0d7e938\" data-element_type=\"widget\" data-widget_type=\"social-icons.default\">\n\t\t\t\t<div class=\"elementor-widget-container\">\n\t\t\t\t\t\t\t<div class=\"elementor-social-icons-wrapper elementor-grid\" role=\"list\">\n\t\t\t\t\t\t\t<span class=\"elementor-grid-item\" role=\"listitem\">\n\t\t\t\t\t<a class=\"elementor-icon elementor-social-icon elementor-social-icon-facebook elementor-repeater-item-e0b383c\" href=\"https:\/\/www.facebook.com\/sunlightchurchpsl\" target=\"_blank\">\n\t\t\t\t\t\t<span class=\"elementor-screen-only\">Facebook<\/span>\n\t\t\t\t\t\t<i aria-hidden=\"true\" class=\"fab fa-facebook\"><\/i>\t\t\t\t\t<\/a>\n\t\t\t\t<\/span>\n\t\t\t\t\t\t\t<span class=\"elementor-grid-item\" role=\"listitem\">\n\t\t\t\t\t<a class=\"elementor-icon elementor-social-icon elementor-social-icon-twitter elementor-repeater-item-070e31d\" href=\"https:\/\/twitter.com\/sunlightchurch\" target=\"_blank\">\n\t\t\t\t\t\t<span class=\"elementor-screen-only\">Twitter<\/span>\n\t\t\t\t\t\t<i aria-hidden=\"true\" class=\"fab fa-twitter\"><\/i>\t\t\t\t\t<\/a>\n\t\t\t\t<\/span>\n\t\t\t\t\t\t\t<span class=\"elementor-grid-item\" role=\"listitem\">\n\t\t\t\t\t<a class=\"elementor-icon elementor-social-icon elementor-social-icon-youtube elementor-repeater-item-c5f98e4\" href=\"https:\/\/www.youtube.com\/channel\/UCif3_I6yLyITmi-4uNA13zQ\/\" target=\"_blank\">\n\t\t\t\t\t\t<span class=\"elementor-screen-only\">YouTube<\/span>\n\t\t\t\t\t\t<i aria-hidden=\"true\" class=\"fab fa-youtube\"><\/i>\t\t\t\t\t<\/a>\n\t\t\t\t<\/span>\n\t\t\t\t\t\t\t<span class=\"elementor-grid-item\" role=\"listitem\">\n\t\t\t\t\t<a class=\"elementor-icon elementor-social-icon elementor-social-icon-instagram elementor-repeater-item-9d6a47b\" href=\"https:\/\/www.instagram.com\/sunlightchurch\/\" target=\"_blank\">\n\t\t\t\t\t\t<span class=\"elementor-screen-only\">Instagram<\/span>\n\t\t\t\t\t\t<i aria-hidden=\"true\" class=\"fab fa-instagram\"><\/i>\t\t\t\t\t<\/a>\n\t\t\t\t<\/span>\n\t\t\t\t\t<\/div>\n\t\t\t\t\t\t<\/div>\n\t\t\t\t<\/div>\n\t\t\t\t\t<\/div>\n\t\t<\/div>\n\t\t\t\t<div class=\"elementor-column elementor-col-25 elementor-top-column elementor-element elementor-element-4626a0f\" data-id=\"4626a0f\" data-element_type=\"column\">\n\t\t\t<div class=\"elementor-widget-wrap\">\n\t\t\t\t\t\t\t<\/div>\n\t\t<\/div>\n\t\t\t\t\t<\/div>\n\t\t<\/section>\n\t\t\t\t<section data-particle_enable=\"false\" data-particle-mobile-disabled=\"false\" class=\"elementor-section elementor-top-section elementor-element elementor-element-14ca00c elementor-section-boxed elementor-section-height-default elementor-section-height-default\" data-id=\"14ca00c\" data-element_type=\"section\">\n\t\t\t\t\t\t<div class=\"elementor-container elementor-column-gap-default\">\n\t\t\t\t\t<div class=\"elementor-column elementor-col-100 elementor-top-column elementor-element elementor-element-011f304\" data-id=\"011f304\" data-element_type=\"column\">\n\t\t\t<div class=\"elementor-widget-wrap elementor-element-populated\">\n\t\t\t\t\t\t<div class=\"elementor-element elementor-element-fbc72da elementor-widget elementor-widget-spacer\" data-id=\"fbc72da\" data-element_type=\"widget\" data-widget_type=\"spacer.default\">\n\t\t\t\t<div class=\"elementor-widget-container\">\n\t\t\t\t\t\t\t<div class=\"elementor-spacer\">\n\t\t\t<div class=\"elementor-spacer-inner\"><\/div>\n\t\t<\/div>\n\t\t\t\t\t\t<\/div>\n\t\t\t\t<\/div>\n\t\t\t\t\t<\/div>\n\t\t<\/div>\n\t\t\t\t\t<\/div>\n\t\t<\/section>\n\t\t\t\t<\/div>","protected":false},"excerpt":{"rendered":"<p>We&#8217;re glad you&#8217;re here! We know meeting someone for the first time can be intimidating, and going to a new church for the first time can be nerve-racking. We want to help make your first experience at Sunlight Church to be a great one! How do I get connected? The Journey is focused on helping [&hellip;]<\/p>","protected":false},"author":1,"featured_media":2296,"parent":0,"menu_order":0,"comment_status":"closed","ping_status":"closed","template":"","meta":{"_price":"","_stock":"","_tribe_ticket_header":"","_tribe_default_ticket_provider":"","_tribe_ticket_capacity":"0","_ticket_start_date":"","_ticket_end_date":"","_tribe_ticket_show_description":"","_tribe_ticket_show_not_going":false,"_tribe_ticket_use_global_stock":"","_tribe_ticket_global_stock_level":"","_global_stock_mode":"","_global_stock_cap":"","_tribe_rsvp_for_event":"","_tribe_ticket_going_count":"","_tribe_ticket_not_going_count":"","_tribe_tickets_list":"[]","_tribe_ticket_has_attendee_info_fields":false,"footnotes":"","_tec_slr_enabled":"","_tec_slr_layout":""},"class_list":["post-2287","page","type-page","status-publish","has-post-thumbnail","hentry"],"ticketed":false,"_links":{"self":[{"href":"https:\/\/sunlightchurch.com\/pt_br\/wp-json\/wp\/v2\/pages\/2287","targetHints":{"allow":["GET"]}}],"collection":[{"href":"https:\/\/sunlightchurch.com\/pt_br\/wp-json\/wp\/v2\/pages"}],"about":[{"href":"https:\/\/sunlightchurch.com\/pt_br\/wp-json\/wp\/v2\/types\/page"}],"author":[{"embeddable":true,"href":"https:\/\/sunlightchurch.com\/pt_br\/wp-json\/wp\/v2\/users\/1"}],"replies":[{"embeddable":true,"href":"https:\/\/sunlightchurch.com\/pt_br\/wp-json\/wp\/v2\/comments?post=2287"}],"version-history":[{"count":5,"href":"https:\/\/sunlightchurch.com\/pt_br\/wp-json\/wp\/v2\/pages\/2287\/revisions"}],"predecessor-version":[{"id":4995,"href":"https:\/\/sunlightchurch.com\/pt_br\/wp-json\/wp\/v2\/pages\/2287\/revisions\/4995"}],"wp:featuredmedia":[{"embeddable":true,"href":"https:\/\/sunlightchurch.com\/pt_br\/wp-json\/wp\/v2\/media\/2296"}],"wp:attachment":[{"href":"https:\/\/sunlightchurch.com\/pt_br\/wp-json\/wp\/v2\/media?parent=2287"}],"curies":[{"name":"wp","href":"https:\/\/api.w.org\/{rel}","templated":true}]}}