{"id":5711,"date":"2023-05-04T11:25:46","date_gmt":"2023-05-04T15:25:46","guid":{"rendered":"https:\/\/sunlightchurch.com\/?page_id=5711"},"modified":"2025-07-29T12:33:13","modified_gmt":"2025-07-29T16:33:13","slug":"partner-ministries","status":"publish","type":"page","link":"https:\/\/sunlightchurch.com\/pt_br\/getinvolved\/partner-ministries\/","title":{"rendered":"Minist\u00e9rios Parceiros"},"content":{"rendered":"<div data-elementor-type=\"wp-page\" data-elementor-id=\"5711\" class=\"elementor elementor-5711\" data-elementor-post-type=\"page\">\n\t\t\t\t<div data-particle_enable=\"false\" data-particle-mobile-disabled=\"false\" class=\"elementor-element elementor-element-1272195 e-flex e-con-boxed e-con e-parent\" data-id=\"1272195\" data-element_type=\"container\" data-e-type=\"container\">\n\t\t\t\t\t<div class=\"e-con-inner\">\n\t\t<div data-particle_enable=\"false\" data-particle-mobile-disabled=\"false\" class=\"elementor-element elementor-element-a8a4b2c e-con-full e-flex e-con e-child\" data-id=\"a8a4b2c\" data-element_type=\"container\" data-e-type=\"container\" data-settings=\"{&quot;background_background&quot;:&quot;classic&quot;}\">\n\t\t<div data-particle_enable=\"false\" data-particle-mobile-disabled=\"false\" class=\"elementor-element elementor-element-7f04738 e-con-full e-flex e-con e-child\" data-id=\"7f04738\" data-element_type=\"container\" data-e-type=\"container\">\n\t\t\t\t<div class=\"elementor-element elementor-element-e9e41ba elementor-widget elementor-widget-heading\" data-id=\"e9e41ba\" data-element_type=\"widget\" data-e-type=\"widget\" data-widget_type=\"heading.default\">\n\t\t\t\t<div class=\"elementor-widget-container\">\n\t\t\t\t\t<h1 class=\"elementor-heading-title elementor-size-default\">Minist\u00e9rios Parceiros<\/h1>\t\t\t\t<\/div>\n\t\t\t\t<\/div>\n\t\t\t\t<div class=\"elementor-element elementor-element-fd930da elementor-widget__width-initial elementor-widget elementor-widget-heading\" data-id=\"fd930da\" data-element_type=\"widget\" data-e-type=\"widget\" data-widget_type=\"heading.default\">\n\t\t\t\t<div class=\"elementor-widget-container\">\n\t\t\t\t\t<h2 class=\"elementor-heading-title elementor-size-default\">Deus est\u00e1 trabalhando em Port Saint Lucie por meio de diversos minist\u00e9rios. Adoramos apoiar diversos minist\u00e9rios locais e destac\u00e1-los para que voc\u00ea veja se s\u00e3o adequados para voc\u00ea tamb\u00e9m.<\/h2>\t\t\t\t<\/div>\n\t\t\t\t<\/div>\n\t\t\t\t<\/div>\n\t\t\t\t<\/div>\n\t\t\t\t\t<\/div>\n\t\t\t\t<\/div>\n\t\t<div data-particle_enable=\"false\" data-particle-mobile-disabled=\"false\" class=\"elementor-element elementor-element-7b689aa e-flex e-con-boxed e-con e-parent\" data-id=\"7b689aa\" data-element_type=\"container\" data-e-type=\"container\">\n\t\t\t\t\t<div class=\"e-con-inner\">\n\t\t<div data-particle_enable=\"false\" data-particle-mobile-disabled=\"false\" class=\"elementor-element elementor-element-472b802 e-con-full e-flex e-con e-child\" data-id=\"472b802\" data-element_type=\"container\" data-e-type=\"container\" data-settings=\"{&quot;background_background&quot;:&quot;classic&quot;}\">\n\t\t\t\t<div class=\"elementor-element elementor-element-f8687d8 elementor-align-justify elementor-widget__width-initial elementor-absolute elementor-widget elementor-widget-button\" data-id=\"f8687d8\" data-element_type=\"widget\" data-e-type=\"widget\" data-settings=\"{&quot;_position&quot;:&quot;absolute&quot;}\" data-widget_type=\"button.default\">\n\t\t\t\t<div class=\"elementor-widget-container\">\n\t\t\t\t\t\t\t\t\t<div class=\"elementor-button-wrapper\">\n\t\t\t\t\t<a class=\"elementor-button elementor-button-link elementor-size-sm elementor-animation-grow\" href=\"http:\/\/www.guardianadlitem.org\" target=\"_blank\">\n\t\t\t\t\t\t<span class=\"elementor-button-content-wrapper\">\n\t\t\t\t\t\t\t\t\t<span class=\"elementor-button-text\">Visite o site<\/span>\n\t\t\t\t\t<\/span>\n\t\t\t\t\t<\/a>\n\t\t\t\t<\/div>\n\t\t\t\t\t\t\t\t<\/div>\n\t\t\t\t<\/div>\n\t\t<div data-particle_enable=\"false\" data-particle-mobile-disabled=\"false\" class=\"elementor-element elementor-element-66fe7bb e-con-full e-flex e-con e-child\" data-id=\"66fe7bb\" data-element_type=\"container\" data-e-type=\"container\">\n\t\t\t\t<div class=\"elementor-element elementor-element-fa063cc elementor-widget__width-initial elementor-widget elementor-widget-text-editor\" data-id=\"fa063cc\" data-element_type=\"widget\" data-e-type=\"widget\" data-widget_type=\"text-editor.default\">\n\t\t\t\t<div class=\"elementor-widget-container\">\n\t\t\t\t\t\t\t\t\t<p>O Florida Statewide Guardian ad Litem Office representa crian\u00e7as abusadas, abandonadas e negligenciadas nos tribunais e na comunidade. Atrav\u00e9s da colabora\u00e7\u00e3o de uma equipe multidisciplinar, a equipe do Florida Guardian ad Litem Office fornece representa\u00e7\u00e3o legal independente e de qualidade para essas crian\u00e7as, ao mesmo tempo que as ajuda a expressar suas necessidades e desejos. Esta abordagem \u00fanica apoia a crian\u00e7a como um todo, atendendo \u00e0s suas necessidades f\u00edsicas, educacionais, mentais, emocionais, sociais e legais.\u00a0<\/p><p><span style=\"color: var( --e-global-color-text );\">Os tutores ad Litem tornam-se pessoas em quem as nossas crian\u00e7as mais vulner\u00e1veis podem confiar, ajudando a ser a sua voz e um adulto da sua comunidade que ser\u00e1 uma presen\u00e7a consistente e positiva nas suas vidas. Como equipe, o Florida Guardian ad Litem Office oferece defesa de direitos poderosa, eficaz e de alta qualidade com um objetivo: que cada crian\u00e7a encontre um lar seguro, amoroso e permanente onde possa prosperar. Para saber mais sobre como se envolver e fazer a diferen\u00e7a na vida de uma crian\u00e7a hoje, clique no link abaixo.<\/span><\/p><div><i><span style=\"font-size: 11pt; font-family: Calibri, sans-serif; color: black;\">\u00a0<\/span><\/i><\/div>\t\t\t\t\t\t\t\t<\/div>\n\t\t\t\t<\/div>\n\t\t\t\t<\/div>\n\t\t<div data-particle_enable=\"false\" data-particle-mobile-disabled=\"false\" class=\"elementor-element elementor-element-c55fecb e-con-full e-flex e-con e-child\" data-id=\"c55fecb\" data-element_type=\"container\" data-e-type=\"container\">\n\t\t<div data-particle_enable=\"false\" data-particle-mobile-disabled=\"false\" class=\"elementor-element elementor-element-3abce14 e-con-full e-flex e-con e-child\" data-id=\"3abce14\" data-element_type=\"container\" data-e-type=\"container\" data-settings=\"{&quot;background_background&quot;:&quot;classic&quot;}\">\n\t\t\t\t<div class=\"elementor-element elementor-element-e007577 elementor-widget elementor-widget-heading\" data-id=\"e007577\" data-element_type=\"widget\" data-e-type=\"widget\" data-widget_type=\"heading.default\">\n\t\t\t\t<div class=\"elementor-widget-container\">\n\t\t\t\t\t<h3 class=\"elementor-heading-title elementor-size-default\">Guardi\u00e3o ad Litem<\/h3>\t\t\t\t<\/div>\n\t\t\t\t<\/div>\n\t\t\t\t<\/div>\n\t\t\t\t<\/div>\n\t\t\t\t<\/div>\n\t\t<div data-particle_enable=\"false\" data-particle-mobile-disabled=\"false\" class=\"elementor-element elementor-element-9c8ffd2 e-con-full e-flex e-con e-child\" data-id=\"9c8ffd2\" data-element_type=\"container\" data-e-type=\"container\" data-settings=\"{&quot;background_background&quot;:&quot;classic&quot;}\">\n\t\t\t\t<div class=\"elementor-element elementor-element-8ff023f elementor-align-justify elementor-widget__width-initial elementor-absolute elementor-widget elementor-widget-button\" data-id=\"8ff023f\" data-element_type=\"widget\" data-e-type=\"widget\" data-settings=\"{&quot;_position&quot;:&quot;absolute&quot;}\" data-widget_type=\"button.default\">\n\t\t\t\t<div class=\"elementor-widget-container\">\n\t\t\t\t\t\t\t\t\t<div class=\"elementor-button-wrapper\">\n\t\t\t\t\t<a class=\"elementor-button elementor-button-link elementor-size-sm elementor-animation-grow\" href=\"https:\/\/www.carenettc.com\/\" target=\"_blank\">\n\t\t\t\t\t\t<span class=\"elementor-button-content-wrapper\">\n\t\t\t\t\t\t\t\t\t<span class=\"elementor-button-text\">Visite o site<\/span>\n\t\t\t\t\t<\/span>\n\t\t\t\t\t<\/a>\n\t\t\t\t<\/div>\n\t\t\t\t\t\t\t\t<\/div>\n\t\t\t\t<\/div>\n\t\t<div data-particle_enable=\"false\" data-particle-mobile-disabled=\"false\" class=\"elementor-element elementor-element-9806891 e-con-full e-flex e-con e-child\" data-id=\"9806891\" data-element_type=\"container\" data-e-type=\"container\">\n\t\t\t\t<div class=\"elementor-element elementor-element-f41765c elementor-widget__width-initial elementor-widget elementor-widget-text-editor\" data-id=\"f41765c\" data-element_type=\"widget\" data-e-type=\"widget\" data-widget_type=\"text-editor.default\">\n\t\t\t\t<div class=\"elementor-widget-container\">\n\t\t\t\t\t\t\t\t\t<div id=\"comp-l5ljcjeb\" data-testid=\"richTextElement\"><p>Procurando solu\u00e7\u00f5es para gravidez n\u00e3o planejada? N\u00f3s protegemos voc\u00ea!<\/p><\/div><div id=\"comp-l5ljd7y22\" data-testid=\"richTextElement\"><p>Acreditamos que as mulheres que tomam decis\u00f5es sobre sa\u00fade reprodutiva merecem um lugar que n\u00e3o se beneficie financeiramente de qualquer decis\u00e3o que tomem. Oferecemos atendimento discreto, sem press\u00e3o e de qualidade, sem discurso de vendas. Quaisquer que sejam as circunst\u00e2ncias que voc\u00ea esteja enfrentando, n\u00f3s protegemos voc\u00ea.<\/p><\/div>\t\t\t\t\t\t\t\t<\/div>\n\t\t\t\t<\/div>\n\t\t\t\t<\/div>\n\t\t<div data-particle_enable=\"false\" data-particle-mobile-disabled=\"false\" class=\"elementor-element elementor-element-8ad3d5c e-con-full e-flex e-con e-child\" data-id=\"8ad3d5c\" data-element_type=\"container\" data-e-type=\"container\">\n\t\t<div data-particle_enable=\"false\" data-particle-mobile-disabled=\"false\" class=\"elementor-element elementor-element-3c146c8 e-con-full e-flex e-con e-child\" data-id=\"3c146c8\" data-element_type=\"container\" data-e-type=\"container\" data-settings=\"{&quot;background_background&quot;:&quot;classic&quot;}\">\n\t\t\t\t<div class=\"elementor-element elementor-element-85eb4a6 elementor-widget elementor-widget-heading\" data-id=\"85eb4a6\" data-element_type=\"widget\" data-e-type=\"widget\" data-widget_type=\"heading.default\">\n\t\t\t\t<div class=\"elementor-widget-container\">\n\t\t\t\t\t<h3 class=\"elementor-heading-title elementor-size-default\">CareNet<\/h3>\t\t\t\t<\/div>\n\t\t\t\t<\/div>\n\t\t\t\t<\/div>\n\t\t\t\t<\/div>\n\t\t\t\t<\/div>\n\t\t\t\t\t<\/div>\n\t\t\t\t<\/div>\n\t\t\t\t<\/div>","protected":false},"excerpt":{"rendered":"<p>Partner Ministries God is at work in Port Saint Lucie through a number of different ministries. We love supporting several local ministries and highlighting them for you to see if [&hellip;]<\/p>","protected":false},"author":2,"featured_media":0,"parent":979,"menu_order":0,"comment_status":"closed","ping_status":"closed","template":"","meta":{"_price":"","_stock":"","_tribe_ticket_header":"","_tribe_default_ticket_provider":"","_tribe_ticket_capacity":"0","_ticket_start_date":"","_ticket_end_date":"","_tribe_ticket_show_description":"","_tribe_ticket_show_not_going":false,"_tribe_ticket_use_global_stock":"","_tribe_ticket_global_stock_level":"","_global_stock_mode":"","_global_stock_cap":"","_tribe_rsvp_for_event":"","_tribe_ticket_going_count":"","_tribe_ticket_not_going_count":"","_tribe_tickets_list":"[]","_tribe_ticket_has_attendee_info_fields":false,"footnotes":"","_tec_slr_enabled":"","_tec_slr_layout":""},"class_list":["post-5711","page","type-page","status-publish","hentry"],"ticketed":false,"_links":{"self":[{"href":"https:\/\/sunlightchurch.com\/pt_br\/wp-json\/wp\/v2\/pages\/5711","targetHints":{"allow":["GET"]}}],"collection":[{"href":"https:\/\/sunlightchurch.com\/pt_br\/wp-json\/wp\/v2\/pages"}],"about":[{"href":"https:\/\/sunlightchurch.com\/pt_br\/wp-json\/wp\/v2\/types\/page"}],"author":[{"embeddable":true,"href":"https:\/\/sunlightchurch.com\/pt_br\/wp-json\/wp\/v2\/users\/2"}],"replies":[{"embeddable":true,"href":"https:\/\/sunlightchurch.com\/pt_br\/wp-json\/wp\/v2\/comments?post=5711"}],"version-history":[{"count":8,"href":"https:\/\/sunlightchurch.com\/pt_br\/wp-json\/wp\/v2\/pages\/5711\/revisions"}],"predecessor-version":[{"id":20173,"href":"https:\/\/sunlightchurch.com\/pt_br\/wp-json\/wp\/v2\/pages\/5711\/revisions\/20173"}],"up":[{"embeddable":true,"href":"https:\/\/sunlightchurch.com\/pt_br\/wp-json\/wp\/v2\/pages\/979"}],"wp:attachment":[{"href":"https:\/\/sunlightchurch.com\/pt_br\/wp-json\/wp\/v2\/media?parent=5711"}],"curies":[{"name":"wp","href":"https:\/\/api.w.org\/{rel}","templated":true}]}}