{"id":5809,"date":"2023-07-22T09:18:00","date_gmt":"2023-07-22T13:18:00","guid":{"rendered":"https:\/\/sunlightchurch.com\/?page_id=5809"},"modified":"2024-02-02T07:09:10","modified_gmt":"2024-02-02T12:09:10","slug":"church-governance","status":"publish","type":"page","link":"https:\/\/sunlightchurch.com\/pt_br\/about\/church-governance\/","title":{"rendered":"Governan\u00e7a da Igreja"},"content":{"rendered":"<style>.elementor-widget-image .eael-protected-content-message{font-family:var( --e-global-typography-secondary-font-family ), Sans-serif;font-weight:var( --e-global-typography-secondary-font-weight );}.elementor-widget-image .protected-content-error-msg{font-family:var( --e-global-typography-secondary-font-family ), Sans-serif;font-weight:var( --e-global-typography-secondary-font-weight );}.elementor-widget-image .widget-image-caption{color:var( --e-global-color-text );font-family:var( --e-global-typography-text-font-family ), Sans-serif;font-weight:var( --e-global-typography-text-font-weight );}.elementor-5809 .elementor-element.elementor-element-f1c921a img{border-radius:10px 10px 10px 10px;}.elementor-widget-heading .eael-protected-content-message{font-family:var( --e-global-typography-secondary-font-family ), Sans-serif;font-weight:var( --e-global-typography-secondary-font-weight );}.elementor-widget-heading .protected-content-error-msg{font-family:var( --e-global-typography-secondary-font-family ), Sans-serif;font-weight:var( --e-global-typography-secondary-font-weight );}.elementor-widget-heading .elementor-heading-title{font-family:var( --e-global-typography-primary-font-family ), Sans-serif;font-weight:var( --e-global-typography-primary-font-weight );color:var( --e-global-color-primary );}.elementor-5809 .elementor-element.elementor-element-a1d8f83{text-align:center;}.elementor-5809 .elementor-element.elementor-element-a1d8f83 .elementor-heading-title{color:#000000;}.elementor-widget-text-editor .eael-protected-content-message{font-family:var( --e-global-typography-secondary-font-family ), Sans-serif;font-weight:var( --e-global-typography-secondary-font-weight );}.elementor-widget-text-editor .protected-content-error-msg{font-family:var( --e-global-typography-secondary-font-family ), Sans-serif;font-weight:var( --e-global-typography-secondary-font-weight );}.elementor-widget-text-editor{font-family:var( --e-global-typography-text-font-family ), Sans-serif;font-weight:var( --e-global-typography-text-font-weight );color:var( --e-global-color-text );}.elementor-widget-text-editor.elementor-drop-cap-view-stacked .elementor-drop-cap{background-color:var( --e-global-color-primary );}.elementor-widget-text-editor.elementor-drop-cap-view-framed .elementor-drop-cap, .elementor-widget-text-editor.elementor-drop-cap-view-default .elementor-drop-cap{color:var( --e-global-color-primary );border-color:var( --e-global-color-primary );}.elementor-widget-spacer .eael-protected-content-message{font-family:var( --e-global-typography-secondary-font-family ), Sans-serif;font-weight:var( --e-global-typography-secondary-font-weight );}.elementor-widget-spacer .protected-content-error-msg{font-family:var( --e-global-typography-secondary-font-family ), Sans-serif;font-weight:var( --e-global-typography-secondary-font-weight );}.elementor-5809 .elementor-element.elementor-element-0be66d1{--spacer-size:87px;}.elementor-5809 .elementor-element.elementor-element-15b3eb4 > .elementor-container{max-width:1040px;}\/* Start custom CSS *\/.elem-hero{\n    height: 420px;\n    position: relative;\n    overflow: hidden !important;\n}\n.elem-hero img{\n    position: absolute;\n    left: 0;\n    height: 100%;\n    top: 0;\n    object-fit: cover;\n    \n}\n.elem-hero .elementor-widget-image{\n        position: absolute;\n    height: 400px;\n}\/* End custom CSS *\/<\/style>\t\t<div data-elementor-type=\"wp-page\" data-elementor-id=\"5809\" class=\"elementor elementor-5809\" data-elementor-post-type=\"page\">\n\t\t\t\t\t\t<section data-particle_enable=\"false\" data-particle-mobile-disabled=\"false\" class=\"elementor-section elementor-top-section elementor-element elementor-element-c991f06 elementor-section-boxed elementor-section-height-default elementor-section-height-default\" data-id=\"c991f06\" data-element_type=\"section\">\n\t\t\t\t\t\t<div class=\"elementor-container elementor-column-gap-default\">\n\t\t\t\t\t<div class=\"elementor-column elementor-col-100 elementor-top-column elementor-element elementor-element-6ce2be4\" data-id=\"6ce2be4\" data-element_type=\"column\">\n\t\t\t<div class=\"elementor-widget-wrap elementor-element-populated\">\n\t\t\t\t\t\t<div class=\"elementor-element elementor-element-f1c921a elementor-widget elementor-widget-image\" data-id=\"f1c921a\" data-element_type=\"widget\" data-widget_type=\"image.default\">\n\t\t\t\t<div class=\"elementor-widget-container\">\n\t\t\t\t\t\t\t\t\t\t\t\t\t\t\t<img fetchpriority=\"high\" decoding=\"async\" width=\"768\" height=\"432\" src=\"https:\/\/sunlightchurch.com\/wp-content\/uploads\/2023\/07\/cong-meeting-tings.001-768x432.jpeg\" class=\"attachment-medium_large size-medium_large wp-image-5811\" alt=\"\" srcset=\"https:\/\/sunlightchurch.com\/wp-content\/uploads\/2023\/07\/cong-meeting-tings.001-768x432.jpeg 768w, https:\/\/sunlightchurch.com\/wp-content\/uploads\/2023\/07\/cong-meeting-tings.001-300x169.jpeg 300w, https:\/\/sunlightchurch.com\/wp-content\/uploads\/2023\/07\/cong-meeting-tings.001-1024x576.jpeg 1024w, https:\/\/sunlightchurch.com\/wp-content\/uploads\/2023\/07\/cong-meeting-tings.001.jpeg 1200w\" sizes=\"(max-width: 768px) 100vw, 768px\" \/>\t\t\t\t\t\t\t\t\t\t\t\t\t\t\t<\/div>\n\t\t\t\t<\/div>\n\t\t\t\t<div class=\"elementor-element elementor-element-a1d8f83 elementor-widget elementor-widget-heading\" data-id=\"a1d8f83\" data-element_type=\"widget\" data-widget_type=\"heading.default\">\n\t\t\t\t<div class=\"elementor-widget-container\">\n\t\t\t\t\t<h1 class=\"elementor-heading-title elementor-size-xl\">Estrutura da Igreja<\/h1>\t\t\t\t<\/div>\n\t\t\t\t<\/div>\n\t\t\t\t<div class=\"elementor-element elementor-element-d065b40 elementor-widget elementor-widget-text-editor\" data-id=\"d065b40\" data-element_type=\"widget\" data-widget_type=\"text-editor.default\">\n\t\t\t\t<div class=\"elementor-widget-container\">\n\t\t\t\t\t\t\t\t\t<h2 style=\"text-align: center;\">Tudo o que voc\u00ea precisa saber sobre presb\u00edteros, conselho e governan\u00e7a da igreja.<\/h2>\t\t\t\t\t\t\t\t<\/div>\n\t\t\t\t<\/div>\n\t\t\t\t<div class=\"elementor-element elementor-element-9f30027 elementor-widget elementor-widget-text-editor\" data-id=\"9f30027\" data-element_type=\"widget\" data-widget_type=\"text-editor.default\">\n\t\t\t\t<div class=\"elementor-widget-container\">\n\t\t\t\t\t\t\t\t\t<h2><span style=\"font-weight: 400; color: #000000;\">De que denomina\u00e7\u00e3o a Sunlight faz parte?<\/span><\/h2>\n<p><span style=\"font-weight: 400; color: #000000;\">A Sunlight Community Church pertence \u00e0 Igreja Crist\u00e3 Reformada da Am\u00e9rica do Norte. A Igreja Crist\u00e3 Reformada (CRC) inclui pouco mais de mil congrega\u00e7\u00f5es nos Estados Unidos e Canad\u00e1.&nbsp;&nbsp;<\/span><\/p>\n<h2><span style=\"font-weight: 400; color: #000000;\">&nbsp;<\/span><\/h2>\n<h2><span style=\"font-weight: 400; color: #000000;\">Que autoridade a Igreja Crist\u00e3 Reformada tem sobre a luz solar?&nbsp;&nbsp;<\/span><\/h2>\n<p><span style=\"font-weight: 400; color: #000000;\">A denomina\u00e7\u00e3o Crist\u00e3 Reformada \u00e9 algo \u00fanica, na medida em que n\u00e3o emprega uma estrutura hier\u00e1rquica de governo. Em vez disso, a CRC considera que cada conselho da igreja local \u00e9 o mais alto n\u00edvel de autoridade nessa igreja. A convic\u00e7\u00e3o da nossa denomina\u00e7\u00e3o \u00e9 que cada igreja local \u00e9 uma igreja completa de Cristo, totalmente equipada com tudo o que \u00e9 necess\u00e1rio para o seu pr\u00f3prio governo.&nbsp;&nbsp;<\/span><\/p>\n<p><\/p>\n<p><span style=\"font-weight: 400; color: #000000;\">As assembleias mais amplas da nossa denomina\u00e7\u00e3o (chamadas \u201cClassis\u201d a n\u00edvel regional e \u201cs\u00ednodo\u201d a n\u00edvel nacional) n\u00e3o s\u00e3o, portanto, consideradas autoridades superiores, mas sim autoridades mais gerais. Portanto, \u201cClassis\u201d e \u201cSynod\u201d n\u00e3o podem impor o que quiserem a uma igreja local, nem podem interferir nos assuntos internos. Por\u00e9m, igrejas locais como a Sunlight s\u00e3o limitadas, pois concordam mutuamente em ser afiliadas ao todo. Nenhuma igreja tem o direito de desconsiderar quest\u00f5es de m\u00fatuo acordo, doutrina e interesse comum.&nbsp;&nbsp;<\/span><\/p>\n<h2><span style=\"font-weight: 400; color: #000000;\">&nbsp;<\/span><\/h2>\n<h2><span style=\"font-weight: 400; color: #000000;\">Que forma de governo eclesial a Sunlight Community Church tem?<\/span><\/h2>\n<p><span style=\"font-weight: 400; color: #000000;\">A Sunlight Community Church tem uma forma presbiteriana de governo eclesial. A palavra presbiteriano deriva da palavra grega presbuteros \u2013 que significa \u201canci\u00e3o\u201d. Numa forma de governo presbiteriana, a igreja \u00e9 liderada por um conselho de anci\u00e3os. O sistema presbiteriano \u00e9 distingu\u00edvel de duas outras formas comuns de governo da igreja \u2013 o sistema episcopal e o sistema congregacional. O sistema episcopal \u00e9 semelhante a uma monarquia no sentido de que toda a autoridade da igreja \u00e9 dada a um \u00fanico bispo ou papa. A for\u00e7a deste sistema \u00e9 a efici\u00eancia; o seu ponto fraco \u00e9 a responsabiliza\u00e7\u00e3o (j\u00e1 que existe potencial de perigo quando apenas uma pessoa exerce o poder exclusivo). O sistema congregacional, por outro lado, funciona como uma democracia pura. No sistema congregacional, todas as decis\u00f5es, grandes e pequenas, s\u00e3o alcan\u00e7adas por maioria simples de votos dos membros. A for\u00e7a do sistema congregacional \u00e9 a responsabilidade; no entanto, o seu ponto fraco \u00e9 a efici\u00eancia (devido ao facto de ser complicado ter de votar em todos os assuntos).&nbsp;<\/span><\/p>\n<p><\/p>\n<p><span style=\"font-weight: 400; color: #000000;\">Na Sunlight, acreditamos que o sistema presbiteriano n\u00e3o s\u00f3 atinge o equil\u00edbrio certo entre responsabilidade e efici\u00eancia, mas tamb\u00e9m acreditamos que esta estrutura \u00e9 biblicamente prefer\u00edvel. Parece claro que o governo da igreja descrito e comissionado na igreja primitiva foi marcado por uma pluralidade de presb\u00edteros (Tito 1:5-7; 1 Tim\u00f3teo 3:1-7; Atos 11:30; 14:23; 20:17- 18). Embora a Sunlight acredite e empregue uma forma presbiteriana de governo, de forma alguma n\u00e3o insistimos que todas as outras igrejas sejam como a nossa, mas antes reconhecemos a rica hist\u00f3ria e o valor cont\u00ednuo das igrejas que aderem a outros sistemas de lideran\u00e7a.&nbsp;&nbsp;<\/span><\/p>\n<h2><span style=\"font-weight: 400; color: #000000;\">&nbsp;<\/span><\/h2>\n<h2><span style=\"font-weight: 400; color: #000000;\">A governan\u00e7a da Igreja Sunlight \u00e9 t\u00edpica da Igreja Crist\u00e3 Reformada?<\/span><\/h2>\n<p><span style=\"font-weight: 400; color: #000000;\">Nossa igreja \u00e9 \u00fanica por causa de nossa miss\u00e3o \u00fanica. Na verdade, fomos uma das primeiras igrejas da nossa denomina\u00e7\u00e3o a conter m\u00faltiplas congrega\u00e7\u00f5es em v\u00e1rios locais. Porque a nossa igreja tem m\u00faltiplas congrega\u00e7\u00f5es dentro dela, o nosso conselho da igreja deve representar e supervisionar o \u201cquadro geral\u201d em vez de meramente as necessidades individuais de apenas uma congrega\u00e7\u00e3o local. Reconhecemos que a ordem eclesial da CDC, tal como existe agora, n\u00e3o imaginou uma igreja com as necessidades de lideran\u00e7a que temos atualmente e antecipamos o avan\u00e7o. Acreditamos, no entanto, que o nosso modelo de lideran\u00e7a honra os princ\u00edpios da CRC de governa\u00e7\u00e3o da igreja e, ainda assim, serve tamb\u00e9m a nossa miss\u00e3o local. Embora tenhamos sido os primeiros a ser pioneiros na estrutura da nossa igreja dentro da nossa denomina\u00e7\u00e3o, estamos agora a servir de modelo para outras igrejas da CRC que exercem minist\u00e9rios semelhantes.&nbsp;&nbsp;<\/span><\/p>\n<h2><span style=\"font-weight: 400; color: #000000;\">&nbsp;<\/span><\/h2>\n<h2><span style=\"font-weight: 400; color: #000000;\">Qual \u00e9 o papel do conselho da igreja?<\/span><\/h2>\n<p><span style=\"font-weight: 400; color: #000000;\">O conselho da igreja \u00e9 o \u00f3rg\u00e3o eclesiasticamente reconhecido de acordo com a Ordem da Igreja CRC. \u00c9 respons\u00e1vel por liderar os minist\u00e9rios mais amplos da Sunlight Community Church, incluindo todas as igrejas implantadas e congrega\u00e7\u00f5es desenvolvidas. Tem autoridade total e final em todos os assuntos.&nbsp;&nbsp;<\/span><\/p>\n<h2><span style=\"font-weight: 400; color: #000000;\">&nbsp;<\/span><\/h2>\n<h2><span style=\"font-weight: 400; color: #000000;\">Qual \u00e9 o tamanho do conselho da igreja da Sunlight?<\/span><\/h2>\n<p><span style=\"font-weight: 400; color: #000000;\">O conselho da igreja \u00e9 normalmente composto de 5 a 7 membros. Descobrimos que este tamanho \u00e9 ideal porque \u00e9 suficientemente grande para permitir uma variedade de pontos de vista e, ao mesmo tempo, pequeno o suficiente para promover uma comunica\u00e7\u00e3o franca.&nbsp;&nbsp;<\/span><\/p>\n<p><\/p>\n<h2><span style=\"font-weight: 400; color: #000000;\">&nbsp;<\/span><\/h2>\n<h2><span style=\"font-weight: 400; color: #000000;\">Como os membros do conselho da igreja s\u00e3o escolhidos para servir?<\/span><\/h2>\n<p><\/p>\n<p><span style=\"font-weight: 400; color: #000000;\">Quando ocorre uma abertura no conselho da igreja, o pr\u00f3prio conselho, depois de buscar sugest\u00f5es da congrega\u00e7\u00e3o, nomeia indiv\u00edduos que atendem \u00e0 lista de qualifica\u00e7\u00f5es b\u00edblicas (ver 1 Tim\u00f3teo 3) e cuja experi\u00eancia atende \u00e0s necessidades de lideran\u00e7a deste conselho. Antes de ordenar o nomeado ao cargo de presb\u00edtero, o conselho da igreja procurar\u00e1 a opini\u00e3o dos membros da igreja para garantir que n\u00e3o haja impedimentos ao seu servi\u00e7o. Caso haja v\u00e1rios nomeados para o mesmo cargo, o conselho procurar\u00e1 a opini\u00e3o de todos os membros adultos atrav\u00e9s de uma vota\u00e7\u00e3o em toda a igreja.&nbsp;&nbsp;<\/span><\/p>\n<h2>&nbsp;<\/h2>\n<h2><span style=\"font-weight: 400; color: #000000;\">Qual a dura\u00e7\u00e3o do mandato dos vereadores?<\/span><\/h2>\n<p><\/p>\n<p><span style=\"font-weight: 400; color: #000000;\">Os membros do conselho da igreja servir\u00e3o normalmente por um mandato de cinco anos, mas poder\u00e3o servir mandatos consecutivos se considerado apropriado pelo conselho. O Pastor S\u00eanior da Sunlight atua como \u00fanico membro permanente deste conselho e atua como seu presidente.&nbsp;&nbsp;<\/span><\/p>\n<p><\/p>\n<h2><span style=\"font-weight: 400; color: #000000;\">&nbsp;<\/span><\/h2>\n<h2><span style=\"font-weight: 400; color: #000000;\">Quem supervisiona e lidera cada congrega\u00e7\u00e3o individual?&nbsp;<\/span><\/h2>\n<p><\/p>\n<p><span style=\"font-weight: 400; color: #000000;\">Para cada congrega\u00e7\u00e3o, o conselho da igreja seleciona um pastor para servir como pastor principal do campus. Este pastor do campus tem a responsabilidade de selecionar anualmente uma Equipe de Lideran\u00e7a do Campus (CLT), normalmente com no m\u00e1ximo 7 membros. Os membros de cada equipe de lideran\u00e7a do campus s\u00e3o revisados e aprovados pelo conselho da igreja. A CLT \u00e9 respons\u00e1vel por todos os aspectos do minist\u00e9rio de sua respectiva congrega\u00e7\u00e3o.&nbsp;&nbsp;<\/span><\/p>\n<h2><span style=\"font-weight: 400; color: #000000;\">&nbsp;<\/span><\/h2>\n<h2><span style=\"font-weight: 400; color: #000000;\">Como os di\u00e1conos s\u00e3o escolhidos?<\/span><\/h2>\n<p><\/p>\n<p><span style=\"font-weight: 400; color: #000000;\">Um estudo da B\u00edblia revela que os di\u00e1conos foram inicialmente nomeados na igreja primitiva para ajudar os presb\u00edteros no seu trabalho. Para este fim, cada CLT seleciona, equipa e capacita os membros da igreja para realizarem o trabalho do minist\u00e9rio (Ef\u00e9sios 4:12). Ao faz\u00ea-lo, cada CLT pode designar membros para servirem como l\u00edderes em \u00e1reas-chave do minist\u00e9rio dentro de cada congrega\u00e7\u00e3o. Estes l\u00edderes ministeriais (uma vez aprovados pelo conselho da igreja) servir\u00e3o como di\u00e1conos dentro de cada congrega\u00e7\u00e3o. Estes di\u00e1conos l\u00edderes do minist\u00e9rio s\u00e3o respons\u00e1veis perante as suas respectivas Equipas de Lideran\u00e7a do Campus e, em \u00faltima an\u00e1lise, perante o conselho da igreja.<\/span><\/p>\n<p><\/p>\t\t\t\t\t\t\t\t<\/div>\n\t\t\t\t<\/div>\n\t\t\t\t\t<\/div>\n\t\t<\/div>\n\t\t\t\t\t<\/div>\n\t\t<\/section>\n\t\t\t\t<section data-particle_enable=\"false\" data-particle-mobile-disabled=\"false\" class=\"elementor-section elementor-top-section elementor-element elementor-element-1b22c58 elementor-section-boxed elementor-section-height-default elementor-section-height-default\" data-id=\"1b22c58\" data-element_type=\"section\">\n\t\t\t\t\t\t<div class=\"elementor-container elementor-column-gap-default\">\n\t\t\t\t\t<div class=\"elementor-column elementor-col-100 elementor-top-column elementor-element elementor-element-0ccf44d\" data-id=\"0ccf44d\" data-element_type=\"column\">\n\t\t\t<div class=\"elementor-widget-wrap elementor-element-populated\">\n\t\t\t\t\t\t<div class=\"elementor-element elementor-element-0be66d1 elementor-widget elementor-widget-spacer\" data-id=\"0be66d1\" data-element_type=\"widget\" data-widget_type=\"spacer.default\">\n\t\t\t\t<div class=\"elementor-widget-container\">\n\t\t\t\t\t\t\t<div class=\"elementor-spacer\">\n\t\t\t<div class=\"elementor-spacer-inner\"><\/div>\n\t\t<\/div>\n\t\t\t\t\t\t<\/div>\n\t\t\t\t<\/div>\n\t\t\t\t\t<\/div>\n\t\t<\/div>\n\t\t\t\t\t<\/div>\n\t\t<\/section>\n\t\t\t\t<section data-particle_enable=\"false\" data-particle-mobile-disabled=\"false\" class=\"elementor-section elementor-top-section elementor-element elementor-element-15b3eb4 elementor-section-boxed elementor-section-height-default elementor-section-height-default\" data-id=\"15b3eb4\" data-element_type=\"section\">\n\t\t\t\t\t\t<div class=\"elementor-container elementor-column-gap-default\">\n\t\t\t\t\t<div class=\"elementor-column elementor-col-100 elementor-top-column elementor-element elementor-element-56b46d9\" data-id=\"56b46d9\" data-element_type=\"column\">\n\t\t\t<div class=\"elementor-widget-wrap\">\n\t\t\t\t\t\t\t<\/div>\n\t\t<\/div>\n\t\t\t\t\t<\/div>\n\t\t<\/section>\n\t\t\t\t<\/div>","protected":false},"excerpt":{"rendered":"<p>Estrutura da Igreja: Tudo o que voc\u00ea precisa saber sobre presb\u00edteros, conselho e governan\u00e7a da igreja. De qual denomina\u00e7\u00e3o a Sunlight faz parte? A Sunlight Community Church pertence \u00e0 Igreja Crist\u00e3 Reformada da Am\u00e9rica do Norte. A Igreja Crist\u00e3 Reformada (CRC) inclui pouco mais de mil congrega\u00e7\u00f5es nos Estados Unidos e Canad\u00e1. Qual autoridade a Igreja Crist\u00e3 [\u2026]<\/p>","protected":false},"author":2,"featured_media":981,"parent":3890,"menu_order":0,"comment_status":"closed","ping_status":"closed","template":"","meta":{"_price":"","_stock":"","_tribe_ticket_header":"","_tribe_default_ticket_provider":"","_tribe_ticket_capacity":"0","_ticket_start_date":"","_ticket_end_date":"","_tribe_ticket_show_description":"","_tribe_ticket_show_not_going":false,"_tribe_ticket_use_global_stock":"","_tribe_ticket_global_stock_level":"","_global_stock_mode":"","_global_stock_cap":"","_tribe_rsvp_for_event":"","_tribe_ticket_going_count":"","_tribe_ticket_not_going_count":"","_tribe_tickets_list":"[]","_tribe_ticket_has_attendee_info_fields":false,"footnotes":"","_tec_slr_enabled":"","_tec_slr_layout":""},"class_list":["post-5809","page","type-page","status-publish","has-post-thumbnail","hentry"],"ticketed":false,"_links":{"self":[{"href":"https:\/\/sunlightchurch.com\/pt_br\/wp-json\/wp\/v2\/pages\/5809","targetHints":{"allow":["GET"]}}],"collection":[{"href":"https:\/\/sunlightchurch.com\/pt_br\/wp-json\/wp\/v2\/pages"}],"about":[{"href":"https:\/\/sunlightchurch.com\/pt_br\/wp-json\/wp\/v2\/types\/page"}],"author":[{"embeddable":true,"href":"https:\/\/sunlightchurch.com\/pt_br\/wp-json\/wp\/v2\/users\/2"}],"replies":[{"embeddable":true,"href":"https:\/\/sunlightchurch.com\/pt_br\/wp-json\/wp\/v2\/comments?post=5809"}],"version-history":[{"count":5,"href":"https:\/\/sunlightchurch.com\/pt_br\/wp-json\/wp\/v2\/pages\/5809\/revisions"}],"predecessor-version":[{"id":11156,"href":"https:\/\/sunlightchurch.com\/pt_br\/wp-json\/wp\/v2\/pages\/5809\/revisions\/11156"}],"up":[{"embeddable":true,"href":"https:\/\/sunlightchurch.com\/pt_br\/wp-json\/wp\/v2\/pages\/3890"}],"wp:featuredmedia":[{"embeddable":true,"href":"https:\/\/sunlightchurch.com\/pt_br\/wp-json\/wp\/v2\/media\/981"}],"wp:attachment":[{"href":"https:\/\/sunlightchurch.com\/pt_br\/wp-json\/wp\/v2\/media?parent=5809"}],"curies":[{"name":"wp","href":"https:\/\/api.w.org\/{rel}","templated":true}]}}